{"id":10914,"date":"2021-03-15T11:58:00","date_gmt":"2021-03-15T10:58:00","guid":{"rendered":"https:\/\/www.elegance.fr\/?page_id=10914"},"modified":"2021-06-18T12:02:45","modified_gmt":"2021-06-18T10:02:45","slug":"accueil-3","status":"publish","type":"page","link":"https:\/\/www.elegance.fr\/ja\/","title":{"rendered":"Accueil"},"content":{"rendered":"<div class=\"wpb-content-wrapper\"><p>[vc_row full_width=&#8221;stretch_row_content_no_spaces&#8221;][vc_column][rev_slider_vc alias=&#8221;accueil_FR&#8221;][vc_empty_space height=&#8221;72px&#8221;][vc_btn title=&#8221;\u6821\u5185360\u2103\u30d1\u30ce\u30e9\u30de\u30d3\u30e5\u30fc&#8221; style=&#8221;outline-custom&#8221; outline_custom_color=&#8221;#000000&#8243; outline_custom_hover_background=&#8221;#dfccab&#8221; outline_custom_hover_text=&#8221;#000000&#8243; align=&#8221;center&#8221; link=&#8221;url:https%3A%2F%2Fvr.visite360pro.com%2Ftour%2F-yHGIkXgaIZklBGLkXgpI|||&#8221;][vc_empty_space height=&#8221;72px&#8221;][\/vc_column][\/vc_row][vc_row equal_height=&#8221;yes&#8221; content_placement=&#8221;middle&#8221;][vc_column width=&#8221;1\/2&#8243; el_class=&#8221;vc_col-sm-push-6 padding-90&#8243; css=&#8221;.vc_custom_1530604430211{padding-top: 40px !important;padding-bottom: 40px !important;}&#8221;][vc_column_text]<\/p>\n<h2>\u30a8\u30b9\u30c6\u30fb\u30b9\u30d1\u5c02\u9580\u5b66\u6821<\/h2>\n<p>[\/vc_column_text][vc_column_text]\u30a8\u30b9\u30c6\u306e\u56fd\u5bb6\u8a66\u9a13\u53d7\u9a13\u30b3\u30fc\u30b9\u3001\u30d7\u30ed\u5411\u3051\u30b9\u30da\u30b7\u30e3\u30eb\u30b3\u30fc\u30b9\u3001\u30b9\u30d1\u306e\u52b4\u50cd\u7701\u8a8d\u53ef\u53d6\u5f97\u30b3\u30fc\u30b9\u3001\u30de\u30cd\u30fc\u30b8\u30e3\u30fc\u80b2\u6210\u30b3\u30fc\u30b9\u3001\u305d\u306e\u4ed6\u3001\u65e5\u672c\u4eba\u5411\u3051\u7279\u5225\u30b3\u30fc\u30b9\u306a\u3069\u3042\u3089\u3086\u308b\u30c6\u30af\u30cb\u30c3\u30af\u304c\u53d6\u5f97\u53ef\u80fd\u3067\u3059\u3002[\/vc_column_text][vc_btn title=&#8221;\u30b3\u30fc\u30b9\u7d39\u4ecb&#8221; style=&#8221;outline-custom&#8221; outline_custom_color=&#8221;#666666&#8243; outline_custom_hover_background=&#8221;#dfccaa&#8221; outline_custom_hover_text=&#8221;#ffffff&#8221; shape=&#8221;square&#8221; size=&#8221;lg&#8221; align=&#8221;right&#8221; link=&#8221;url:https%3A%2F%2Fwww.elegance.fr%2Fja%2Facademies%2Fformations%2F|title:%E3%82%B3%E3%83%BC%E3%82%B9%E7%B4%B9%E4%BB%8B||&#8221;][\/vc_column][vc_column width=&#8221;1\/2&#8243; el_class=&#8221;vc_col-sm-pull-6&#8243; css=&#8221;.vc_custom_1529997426016{padding: 0px !important;}&#8221;][vc_single_image image=&#8221;3071&#8243; img_size=&#8221;full&#8221; css=&#8221;.vc_custom_1553857735704{margin-top: 0px !important;margin-right: 0px !important;margin-bottom: 0px !important;margin-left: 0px !important;border-top-width: 0px !important;border-right-width: 0px !important;border-bottom-width: 0px !important;border-left-width: 0px !important;padding-top: 0px !important;padding-right: 0px !important;padding-bottom: 0px !important;padding-left: 0px !important;}&#8221;][\/vc_column][\/vc_row][vc_row equal_height=&#8221;yes&#8221; content_placement=&#8221;middle&#8221; type=&#8221;boxed&#8221; columns_height=&#8221;adjust_cols_height&#8221;][vc_column width=&#8221;1\/2&#8243; el_class=&#8221;padding-90 bloc-align-right&#8221; css=&#8221;.vc_custom_1530604546652{padding-top: 40px !important;padding-bottom: 40px !important;}&#8221;][vc_column_text]<\/p>\n<h2>\u30de\u30cd\u30b8\u30e1\u30f3\u30c8<\/h2>\n<p>[\/vc_column_text][vc_column_text]\u30db\u30c6\u30eb\u5185\u306e\u30b9\u30d1\u3001\u500b\u4eba\u7d4c\u55b6\u306e\u30b9\u30d1\u30b5\u30ed\u30f3\u306a\u3069\u3042\u3089\u3086\u308b\u5206\u91ce\u306e\u30b9\u30d1\u7d4c\u55b6\u306e\u30a2\u30c9\u30d0\u30a4\u30b9\u3001\u304a\u624b\u4f1d\u3044\u3092\u3057\u3066\u3044\u304d\u307e\u3059\u3002[\/vc_column_text][vc_btn title=&#8221;\u8a73\u3057\u3044\u5185\u5bb9&#8221; style=&#8221;outline-custom&#8221; outline_custom_color=&#8221;#666666&#8243; outline_custom_hover_background=&#8221;#dfccaa&#8221; outline_custom_hover_text=&#8221;#ffffff&#8221; shape=&#8221;square&#8221; size=&#8221;lg&#8221; align=&#8221;right&#8221; link=&#8221;url:https%3A%2F%2Fwww.elegance.fr%2Fja%2Fgroupe%2Fmissions-et-savoir-faire%2Fmanagement%2F|title:%E3%83%9E%E3%83%8D%E3%82%B8%E3%83%A1%E3%83%B3%E3%83%88||&#8221;][\/vc_column][vc_column width=&#8221;1\/2&#8243; css=&#8221;.vc_custom_1529993888839{margin: 0px !important;border-width: 0px !important;padding: 0px !important;}&#8221;][vc_single_image image=&#8221;3159&#8243; img_size=&#8221;full&#8221; css=&#8221;.vc_custom_1553857688888{margin-top: 0px !important;margin-right: 0px !important;margin-bottom: 0px !important;margin-left: 0px !important;border-top-width: 0px !important;border-right-width: 0px !important;border-bottom-width: 0px !important;border-left-width: 0px !important;padding-top: 0px !important;padding-right: 0px !important;padding-bottom: 0px !important;padding-left: 0px !important;}&#8221;][\/vc_column][\/vc_row][vc_row equal_height=&#8221;yes&#8221; content_placement=&#8221;middle&#8221;][vc_column width=&#8221;1\/2&#8243; el_class=&#8221;vc_col-sm-push-6 padding-90&#8243; css=&#8221;.vc_custom_1530604441635{padding-top: 40px !important;padding-bottom: 40px !important;}&#8221;][vc_column_text]<\/p>\n<h2>\u30b3\u30f3\u30bb\u30d7\u30c8<\/h2>\n<p>[\/vc_column_text][vc_column_text]\u65e2\u5b58\u306e\u30b9\u30d1\u306e\u6539\u88c5\u3084\u65b0\u898f\u30aa\u30fc\u30d7\u30f3\u306e\u304a\u5e97\u306a\u3069\u3001\u3054\u5e0c\u671b\u306b\u5408\u308f\u305b\u305f\u30b3\u30f3\u30bb\u30d7\u30c8\u3092\u8003\u3048\u30b5\u30dd\u30fc\u30c8\u3057\u3066\u3044\u304d\u307e\u3059\u3002[\/vc_column_text][vc_btn title=&#8221;\u8a73\u3057\u3044\u5185\u5bb9&#8221; style=&#8221;outline-custom&#8221; outline_custom_color=&#8221;#666666&#8243; outline_custom_hover_background=&#8221;#dfccaa&#8221; outline_custom_hover_text=&#8221;#ffffff&#8221; shape=&#8221;square&#8221; size=&#8221;lg&#8221; align=&#8221;right&#8221; link=&#8221;url:https%3A%2F%2Fwww.elegance.fr%2Fja%2Fgroupe%2Fmissions-et-savoir-faire%2Fconcept%2F|title:%E3%82%B3%E3%83%B3%E3%82%BB%E3%83%97%E3%83%88||&#8221;][\/vc_column][vc_column width=&#8221;1\/2&#8243; el_class=&#8221;vc_col-sm-pull-6&#8243; css=&#8221;.vc_custom_1529997426016{padding: 0px !important;}&#8221;][vc_single_image image=&#8221;270&#8243; img_size=&#8221;full&#8221; css=&#8221;.vc_custom_1553859420415{margin-top: 0px !important;margin-right: 0px !important;margin-bottom: 0px !important;margin-left: 0px !important;border-top-width: 0px !important;border-right-width: 0px !important;border-bottom-width: 0px !important;border-left-width: 0px !important;padding-top: 0px !important;padding-right: 0px !important;padding-bottom: 0px !important;padding-left: 0px !important;}&#8221;][\/vc_column][\/vc_row][vc_row][vc_column offset=&#8221;vc_hidden-xs&#8221;][vc_empty_space height=&#8221;75px&#8221;][\/vc_column][\/vc_row][vc_row css=&#8221;.vc_custom_1530689534535{padding-bottom: 20px !important;}&#8221;][vc_column][vc_column_text]<\/p>\n<h2 style=\"text-align: center;\">\u65e5\u672c\u8a9e\u30d6\u30ed\u30b0<\/h2>\n<p>&nbsp;<\/p>\n<h3 style=\"text-align: center;\"><em>\u30cb\u30fc\u30b9\u3088\u308a\uff5e\u30d5\u30e9\u30f3\u30b9\u6700\u65b0<\/em><\/h3>\n<h3 style=\"text-align: center;\"><em>\u30b9\u30d1\uff06\u30d3\u30e5\u30fc\u30c6\u30a3\u30fc\u60c5\u5831\u5c40<\/em><\/h3>\n<p>[\/vc_column_text][vc_btn title=&#8221;\u30d6\u30ed\u30b0\u306f\u3053\u3061\u3089\u304b\u3089&#8221; style=&#8221;outline-custom&#8221; outline_custom_color=&#8221;#333333&#8243; outline_custom_hover_background=&#8221;#333333&#8243; outline_custom_hover_text=&#8221;#ffffff&#8221; shape=&#8221;square&#8221; size=&#8221;lg&#8221; align=&#8221;center&#8221; link=&#8221;url:https%3A%2F%2Fameblo.jp%2Felegance-spaandbeauty%2F|||&#8221;][\/vc_column][\/vc_row][vc_row full_width=&#8221;stretch_row&#8221; equal_height=&#8221;yes&#8221; content_placement=&#8221;middle&#8221; css=&#8221;.vc_custom_1530694131716{background-color: #ababab !important;}&#8221;][vc_column width=&#8221;1\/2&#8243;][vc_column_text]<\/p>\n<h2>Qui sommes-nous ?<\/h2>\n<p>[\/vc_column_text][vc_column_text]Lorem ipsum dolor sit amet, consectetur adipisicing elit, sed do eiusmod tempor incididunt ut labore et dolore magna aliqua. Ut enim ad minim veniam, quis nostrud exercitation ullamco laboris nisi ut aliquip ex ea commodo consequat. Excepteur sint occaecat cupidatat non proident, sunt in culpa qui officia deserunt mollit anim id est laborum.[\/vc_column_text][vc_btn title=&#8221;En savoir plus&#8221; style=&#8221;outline-custom&#8221; outline_custom_color=&#8221;#333333&#8243; outline_custom_hover_background=&#8221;#333333&#8243; outline_custom_hover_text=&#8221;#ffffff&#8221; shape=&#8221;square&#8221; size=&#8221;lg&#8221; link=&#8221;url:https%3A%2F%2Fwww.elegance.fr%2Fblog%2F|||&#8221;][\/vc_column][vc_column width=&#8221;1\/2&#8243; css=&#8221;.vc_custom_1530693174679{padding-top: 0px !important;padding-bottom: 0px !important;}&#8221; offset=&#8221;vc_hidden-xs&#8221;][vc_single_image image=&#8221;375&#8243; img_size=&#8221;full&#8221; alignment=&#8221;right&#8221; css=&#8221;.vc_custom_1530693902369{margin-top: 0px !important;margin-right: 0px !important;margin-bottom: 0px !important;margin-left: 0px !important;border-top-width: 0px !important;border-right-width: 0px !important;border-bottom-width: 0px !important;border-left-width: 0px !important;padding-top: 0px !important;padding-right: 0px !important;padding-bottom: 0px !important;padding-left: 0px !important;}&#8221;][\/vc_column][\/vc_row][vc_row full_width=&#8221;stretch_row&#8221; css=&#8221;.vc_custom_1530691412428{background-color: #f8f8f8 !important;}&#8221;][vc_column width=&#8221;1\/5&#8243; offset=&#8221;vc_hidden-xs&#8221;][\/vc_column][vc_column width=&#8221;3\/5&#8243;][vc_gallery type=&#8221;image_grid&#8221; images=&#8221;348,345,342,339,336&#8243; img_size=&#8221;full&#8221; onclick=&#8221;&#8221;][\/vc_column][vc_column width=&#8221;1\/5&#8243; offset=&#8221;vc_hidden-xs&#8221;][\/vc_column][\/vc_row][vc_row full_width=&#8221;stretch_row&#8221; equal_height=&#8221;yes&#8221; content_placement=&#8221;middle&#8221; css=&#8221;.vc_custom_1530694138205{background-color: #d6c8ae !important;}&#8221;][vc_column width=&#8221;1\/2&#8243; offset=&#8221;vc_hidden-xs&#8221; css=&#8221;.vc_custom_1530694180360{padding-top: 0px !important;padding-bottom: 0px !important;}&#8221;][vc_single_image image=&#8221;379&#8243; img_size=&#8221;full&#8221; css=&#8221;.vc_custom_1530694093761{margin: 0px !important;border-width: 0px !important;padding: 0px !important;}&#8221;][\/vc_column][vc_column width=&#8221;1\/2&#8243;][vc_column_text]<\/p>\n<h2>El\u00e9gance \u00e0 l&#8217;Internationnal<\/h2>\n<p>[\/vc_column_text][vc_column_text]Parce qu&#8217;il a fait le choix de l&#8217;excellence et de l&#8217;employabilit\u00e9, El\u00e9gance est un des seuls groupes connus et reconnus \u00e0 l&#8217;International. En France comme \u00e0 l&#8217;Etranger, la marque El\u00e9gance est un gage de qualit\u00e9 qui s\u00e9duit tant les \u00e9tudiants que les professionnels.[\/vc_column_text][vc_btn title=&#8221;En savoir plus&#8221; style=&#8221;outline-custom&#8221; outline_custom_color=&#8221;#333333&#8243; outline_custom_hover_background=&#8221;#333333&#8243; outline_custom_hover_text=&#8221;#ffffff&#8221; shape=&#8221;square&#8221; size=&#8221;lg&#8221; link=&#8221;url:https%3A%2F%2Fwww.elegance.fr%2Fblog%2F|||&#8221;][\/vc_column][\/vc_row]<\/p>\n<\/div>","protected":false},"excerpt":{"rendered":"<p>[vc_row full_width=&#8221;stretch_row_content_no_spaces&#8221;][vc_column][rev_slider_vc alias=&#8221;accueil_ [&hellip;]<\/p>\n","protected":false},"author":1,"featured_media":38853,"parent":0,"menu_order":0,"comment_status":"closed","ping_status":"closed","template":"","meta":{"content-type":"","footnotes":""},"class_list":["post-10914","page","type-page","status-publish","has-post-thumbnail","hentry"],"_links":{"self":[{"href":"https:\/\/www.elegance.fr\/ja\/wp-json\/wp\/v2\/pages\/10914","targetHints":{"allow":["GET"]}}],"collection":[{"href":"https:\/\/www.elegance.fr\/ja\/wp-json\/wp\/v2\/pages"}],"about":[{"href":"https:\/\/www.elegance.fr\/ja\/wp-json\/wp\/v2\/types\/page"}],"author":[{"embeddable":true,"href":"https:\/\/www.elegance.fr\/ja\/wp-json\/wp\/v2\/users\/1"}],"replies":[{"embeddable":true,"href":"https:\/\/www.elegance.fr\/ja\/wp-json\/wp\/v2\/comments?post=10914"}],"version-history":[{"count":0,"href":"https:\/\/www.elegance.fr\/ja\/wp-json\/wp\/v2\/pages\/10914\/revisions"}],"wp:featuredmedia":[{"embeddable":true,"href":"https:\/\/www.elegance.fr\/ja\/wp-json\/wp\/v2\/media\/38853"}],"wp:attachment":[{"href":"https:\/\/www.elegance.fr\/ja\/wp-json\/wp\/v2\/media?parent=10914"}],"curies":[{"name":"wp","href":"https:\/\/api.w.org\/{rel}","templated":true}]}}