{"id":16110,"date":"2021-07-05T09:46:39","date_gmt":"2021-07-05T07:46:39","guid":{"rendered":"https:\/\/www.elegance.fr\/?page_id=16110"},"modified":"2021-07-05T09:46:39","modified_gmt":"2021-07-05T07:46:39","slug":"formations-diplomantes-spa","status":"publish","type":"page","link":"https:\/\/www.elegance.fr\/ja\/formations-diplomantes-spa\/","title":{"rendered":"Formations Dipl\u00f4mantes Spa"},"content":{"rendered":"<div class=\"wpb-content-wrapper\"><p>[vc_row disable_element=&#8221;yes&#8221;][vc_column][rev_slider_vc alias=&#8221;formations-esthetiques-etudiant&#8221;][vc_empty_space height=&#8221;40px&#8221;][\/vc_column][\/vc_row][vc_row][vc_column][vc_column_text]<\/p>\n<p style=\"text-align: center;\">En 2005, El\u00e9gance Acad\u00e9mies a cr\u00e9\u00e9 la premi\u00e8re Acad\u00e9mie d\u2019Europe &#8220;SPA&#8221;, ainsi que les premi\u00e8res formations dipl\u00f4mantes spa : &#8220;Spa Praticien&#8221; puis &#8220;Spa Manager&#8221; homologu\u00e9s par l\u2019Etat.<\/p>\n<p style=\"text-align: center;\">Ces formations vous pr\u00e9parent en situation r\u00e9elle au sein d\u2019un <a href=\"https:\/\/vr.visite360pro.com\/tour\/-yHGIkXgaIZklBGLkXgpI\" target=\"_blank\" rel=\"noopener\">Spa d\u2019application de plus de 1500m2<\/a> ouvert \u00e0 la client\u00e8le au sein m\u00eame de l&#8217;acad\u00e9mie. Chaque formation est compl\u00e9t\u00e9e par un stage professionnel ext\u00e9rieur.<\/p>\n<p>[\/vc_column_text][vc_empty_space height=&#8221;30px&#8221;][vc_column_text]<\/p>\n<p style=\"text-align: center;\">El\u00e9gance Acad\u00e9mies respecte les normes PMR et dispose de rampes d\u2019acc\u00e8s, d\u2019un ascenseur et de mat\u00e9riels adapt\u00e9s.<\/p>\n<p>[\/vc_column_text][vc_btn title=&#8221;Cliquez ici et visitez notre \u00e9tablissement en virtuel&#8221; style=&#8221;3d&#8221; shape=&#8221;round&#8221; color=&#8221;mulled-wine&#8221; align=&#8221;center&#8221; link=&#8221;url:https%3A%2F%2Fvr.visite360pro.com%2Ftour%2F-yHGIkXgaIZklBGLkXgpI%3Fscene%3D43.69918692903%7C7.2704207613364%7C156.3442624025007%7C3.748409476846504%7C0.09697863637053761%7CCAoSLEFGMVFpcE1ZNEdMQ0laR2NNOHVJTnozR1JBcW1vdzFqZDA1RmhTWUNSUE1f%7Cfalse%7CGOOGLE|||&#8221;][vc_empty_space height=&#8221;52px&#8221;][\/vc_column][\/vc_row][vc_row gap=&#8221;10&#8243; equal_height=&#8221;yes&#8221;][vc_column width=&#8221;1\/2&#8243; css=&#8221;.vc_custom_1597661270940{padding-top: 50px !important;padding-right: 50px !important;padding-bottom: 50px !important;padding-left: 50px !important;background-color: rgba(222,203,172,0.19) !important;*background-color: rgb(222,203,172) !important;}&#8221;][vc_column_text]<\/p>\n<h2>SPA Praticien : 22 ou 26 semaines<\/h2>\n<p>[\/vc_column_text][vc_column_text css=&#8221;.vc_custom_1600962843257{margin-top: -15px !important;}&#8221;]<\/p>\n<p style=\"text-align: left; letter-spacing: 2px; text-transform: uppercase; color: #a35e9f;\"><strong>Formation classique OU EN ALTERNANCE<\/strong><\/p>\n<p>[\/vc_column_text][vc_column_text]Envie d\u2019exercer dans un Spa urbain, Spa h\u00f4telier, Thalassoth\u00e9rapie, Thermalisme ou tout autre \u00e9tablissement dans l\u2019univers du bien-\u00eatre ?<br \/>\nRejoignez <a href=\"https:\/\/www.elegance.fr\/dernieres-actualites\/formation-spa-praticien\/\">la formation Spa Praticien<\/a>, ouverte \u00e0 tous et sans n\u00e9cessiter de dipl\u00f4me d\u2019Esth\u00e9tique pr\u00e9alable.\u00a0 La formation vous enseigne les principales techniques de massage spa et utilisation d\u2019\u00e9quipements haut de gamme. La formation est associ\u00e9e \u00e0 une mise en application pratique au sein de notre v\u00e9ritable spa d\u2019application ouvert \u00e0 la client\u00e8le et encadr\u00e9 par les Formatrices.<\/p>\n<p>D\u2019une dur\u00e9e de 22 \u00e0 26 semaines:<\/p>\n<ul>\n<li>10 \u00e0 16 semaines consacr\u00e9es \u00e0 l\u2019enseignement et l\u2019application au sein de Elegance Acad\u00e9mies<\/li>\n<li>8 semaines de p\u00e9riode de formation en entreprise dont 2 chez Elegance Acad\u00e9mies, en France ou \u00e0 l\u2019\u00e9tranger, gr\u00e2ce \u00e0 notre r\u00e9seau d\u2019\u00e9tablissements partenaires.<\/li>\n<\/ul>\n<p>[\/vc_column_text][vc_btn title=&#8221;En savoir plus sur la formation Spa Praticien&#8221; style=&#8221;outline-custom&#8221; outline_custom_color=&#8221;#000000&#8243; outline_custom_hover_background=&#8221;#dfccab&#8221; outline_custom_hover_text=&#8221;#ffffff&#8221; shape=&#8221;square&#8221; align=&#8221;left&#8221; i_icon_fontawesome=&#8221;fa fa-plus&#8221; add_icon=&#8221;true&#8221; link=&#8221;url:%20https%3A%2F%2Fwww.elegance.fr%2Fformation-spa-praticien%2F|||&#8221;][\/vc_column][vc_column width=&#8221;1\/2&#8243; css=&#8221;.vc_custom_1600963395975{background-image: url(https:\/\/www.elegance.fr\/wp-content\/uploads\/2020\/09\/formation-spa-praticien-3.jpg?id=11217) !important;background-position: center !important;background-repeat: no-repeat !important;background-size: cover !important;}&#8221;][vc_empty_space height=&#8221;150px&#8221;][\/vc_column][\/vc_row][vc_row gap=&#8221;10&#8243; equal_height=&#8221;yes&#8221; css=&#8221;.vc_custom_1596494378518{margin-top: 20px !important;}&#8221;][vc_column width=&#8221;1\/2&#8243; css=&#8221;.vc_custom_1600963284702{background-image: url(https:\/\/www.elegance.fr\/wp-content\/uploads\/2020\/08\/management-spa.jpg?id=9951) !important;background-position: center !important;background-repeat: no-repeat !important;background-size: cover !important;}&#8221;][vc_empty_space height=&#8221;150px&#8221;][\/vc_column][vc_column width=&#8221;1\/2&#8243; css=&#8221;.vc_custom_1596495442830{padding-top: 50px !important;padding-right: 50px !important;padding-bottom: 50px !important;padding-left: 50px !important;background-color: rgba(222,203,172,0.4) !important;*background-color: rgb(222,203,172) !important;}&#8221;][vc_column_text]<\/p>\n<h2>SPA Manager Luxury : 25 semaines<\/h2>\n<p>[\/vc_column_text][vc_column_text css=&#8221;.vc_custom_1600963007865{margin-top: -15px !important;}&#8221;]<\/p>\n<p style=\"text-align: left; letter-spacing: 2px; text-transform: uppercase; color: #a35e9f;\"><strong>Formation classique UNIQUEMENT<\/strong><\/p>\n<p>[\/vc_column_text][vc_column_text]Envie de devenir Spa Manager, d\u2019encadrer une \u00e9quipe de spa praticiens, d\u2019Esth\u00e9ticiennes, et de g\u00e9rer et manager le fonctionnement d\u2019un Spa ?<\/p>\n<p>Rejoignez <a href=\"https:\/\/www.elegance.fr\/formations-2\/formations__trashed\/spa\/formation-spa-manager\/\">la formation Spa Manager<\/a>, d\u2019une dur\u00e9e de 25 semaines:<\/p>\n<div class=\"wpb_text_column wpb_content_element \">\n<div class=\"wpb_wrapper\">\n<ul>\n<li>17 semaines consacr\u00e9es \u00e0 l\u2019enseignement et l\u2019application au sein de Elegance Acad\u00e9mies<\/li>\n<li>8 semaines de P\u00e9riode de Formation en Entreprise (PFE), en France ou \u00e0 l\u2019\u00e9tranger.<\/li>\n<\/ul>\n<\/div>\n<\/div>\n<p>[\/vc_column_text][vc_btn title=&#8221;En savoir plus sur la formation Spa Manager&#8221; style=&#8221;outline-custom&#8221; outline_custom_color=&#8221;#000000&#8243; outline_custom_hover_background=&#8221;#dfccab&#8221; outline_custom_hover_text=&#8221;#ffffff&#8221; shape=&#8221;square&#8221; align=&#8221;left&#8221; i_icon_fontawesome=&#8221;fa fa-plus&#8221; add_icon=&#8221;true&#8221; link=&#8221;url:https%3A%2F%2Fwww.elegance.fr%2Facademies%2Fformations%2Fspa%2Fformation-spa-manager%2F|||&#8221;][\/vc_column][\/vc_row][vc_row css=&#8221;.vc_custom_1597576404689{margin-top: 70px !important;margin-bottom: 70px !important;}&#8221;][vc_column][vc_empty_space height=&#8221;52px&#8221;][vc_column_text]<\/p>\n<h2 style=\"text-align: center;\">Nos Formations Dipl\u00f4mantes Spa <strong>en vid\u00e9o<\/strong><\/h2>\n<p>[\/vc_column_text][vc_video link=&#8221;https:\/\/youtu.be\/4G248oDId3k&#8221; align=&#8221;center&#8221;][\/vc_column][\/vc_row][vc_row full_width=&#8221;stretch_row&#8221; css=&#8221;.vc_custom_1596497671262{margin-top: 70px !important;margin-bottom: 70px !important;padding-top: 70px !important;padding-bottom: 70px !important;background-color: #43a8c6 !important;}&#8221;][vc_column][vc_row_inner][vc_column_inner width=&#8221;2\/3&#8243;][vc_column_text]<\/p>\n<h2 style=\"text-align: left;\"><span style=\"color: #ffffff;\">Effectuez votre parcours en alternance !<\/span><\/h2>\n<p>[\/vc_column_text][vc_column_text]<span style=\"color: #ffffff;\">Les \u00e9l\u00e8ves en Alternance, contrat de professionnalisation ou contrat d\u2019apprentissage* sont plus impliqu\u00e9s, plus efficaces et plus professionnels chez Elegance Academies.<\/span><\/p>\n<p><span style=\"color: #ffffff;\">En appliquant une m\u00e9thode p\u00e9dagogique de situation, Elegance Academies forme ses \u00e9l\u00e8ves \u00e0 l\u2019excellence et d\u00e9veloppe leur professionnalisme. Plus de 53 % de nos \u00e9l\u00e8ves en Alternance, contrat de professionnalisation ou apprentissage restent en emploi !<\/span>[\/vc_column_text][vc_btn title=&#8221;En savoir plus sur l&#8217;alternance&#8221; style=&#8221;outline-custom&#8221; outline_custom_color=&#8221;#ffffff&#8221; outline_custom_hover_background=&#8221;#dfccab&#8221; outline_custom_hover_text=&#8221;#ffffff&#8221; shape=&#8221;square&#8221; align=&#8221;left&#8221; i_icon_fontawesome=&#8221;fa fa-plus&#8221; add_icon=&#8221;true&#8221; link=&#8221;url:https%3A%2F%2Fwww.elegance.fr%2Facademies%2Fformations%2Fparcours-en-alternance%2F|||&#8221;][\/vc_column_inner][vc_column_inner width=&#8221;1\/3&#8243;][vc_single_image image=&#8221;9872&#8243; img_size=&#8221;full&#8221;][\/vc_column_inner][\/vc_row_inner][vc_empty_space][\/vc_column][\/vc_row][vc_row css=&#8221;.vc_custom_1597574488767{margin-top: 70px !important;margin-bottom: 70px !important;border-top-width: 1px !important;border-right-width: 1px !important;border-bottom-width: 1px !important;border-left-width: 1px !important;padding-top: 20px !important;padding-bottom: 30px !important;background-image: url(https:\/\/www.elegance.fr\/wp-content\/uploads\/2020\/08\/formation-esthe\u0301tique-e-learning.jpg?id=10547) !important;background-position: center !important;background-repeat: no-repeat !important;background-size: cover !important;border-left-color: #b7b7b7 !important;border-left-style: solid !important;border-right-color: #b7b7b7 !important;border-right-style: solid !important;border-top-color: #b7b7b7 !important;border-top-style: solid !important;border-bottom-color: #b7b7b7 !important;border-bottom-style: solid !important;}&#8221;][vc_column][vc_row_inner][vc_column_inner width=&#8221;1\/2&#8243;][\/vc_column_inner][vc_column_inner width=&#8221;1\/2&#8243;][vc_column_text]<\/p>\n<h3>FORMATION : E-Learning &amp; Pratique<\/h3>\n<p>Formez-vous \u00e0 distance \u00e0 la maison en toute flexibilit\u00e9 et autonomie. Et b\u00e9n\u00e9ficiez de vos stages de pratiques esth\u00e9tiques sur de courtes dur\u00e9es de formation \u00e0 l&#8217;acad\u00e9mie avec nos formateurs experts.[\/vc_column_text][vc_btn title=&#8221;En savoir plus sur nos formations E-learning&#8221; style=&#8221;outline-custom&#8221; outline_custom_color=&#8221;#0a0a0a&#8221; outline_custom_hover_background=&#8221;#dfccab&#8221; outline_custom_hover_text=&#8221;#ffffff&#8221; shape=&#8221;square&#8221; align=&#8221;left&#8221; i_icon_fontawesome=&#8221;fa fa-plus&#8221; add_icon=&#8221;true&#8221; link=&#8221;url:https%3A%2F%2Fwww.elegance.fr%2Facademies%2Fformations%2Fformations-digital-learning%2F|||&#8221;][\/vc_column_inner][\/vc_row_inner][vc_empty_space][\/vc_column][\/vc_row][vc_row full_width=&#8221;stretch_row&#8221;][vc_column][vc_column_text]<\/p>\n<h2 style=\"text-align: center;\">Nos plus belles <strong>r\u00e9ussites<\/strong><\/h2>\n<p>[\/vc_column_text][vc_separator color=&#8221;custom&#8221; border_width=&#8221;4&#8243; el_width=&#8221;10&#8243; accent_color=&#8221;#a35e9f&#8221;][\/vc_column][\/vc_row][vc_row full_width=&#8221;stretch_row_content&#8221; gap=&#8221;30&#8243; equal_height=&#8221;yes&#8221; css=&#8221;.vc_custom_1600938087300{margin-right: 30px !important;margin-left: 30px !important;}&#8221;][vc_column width=&#8221;2\/3&#8243; css=&#8221;.vc_custom_1600956818912{background-image: url(https:\/\/www.elegance.fr\/wp-content\/uploads\/2020\/09\/elegance-academies.jpg?id=11138) !important;background-position: center !important;background-repeat: no-repeat !important;background-size: cover !important;}&#8221;][vc_empty_space height=&#8221;150px&#8221;][\/vc_column][vc_column width=&#8221;1\/3&#8243; css=&#8221;.vc_custom_1599762199626{padding-top: 20px !important;padding-right: 20px !important;padding-bottom: 20px !important;padding-left: 20px !important;background-color: #dfccab !important;}&#8221;][vc_empty_space height=&#8221;50px&#8221;][vc_column_text css=&#8221;.vc_custom_1600935496015{margin-top: -20px !important;}&#8221;]<\/p>\n<p style=\"font-size: 16px; color: white; text-align: center;\">\u00ab Plus qu\u2019une collaboration, c\u2019est un vrai partenariat que nous avons ensemble, c\u2019est toujours un plaisir de recevoir des stagiaires d\u2019El\u00e9gance Acad\u00e9mies, qui parfois deviennent nos collaborateurs. Nous saluons le s\u00e9rieux et la qualit\u00e9 des soins enseign\u00e9s. \u00bb<\/p>\n<p>[\/vc_column_text][vc_empty_space height=&#8221;10px&#8221;][vc_column_text css=&#8221;.vc_custom_1600935554479{margin-top: -20px !important;}&#8221;]<\/p>\n<p style=\"font-size: 16px; text-align: right;\"><span style=\"color: white;\"><b>Madame ANDRE-ALATI Christine et Monsieur DELVILLE<br \/>\n<\/b><em><strong>Thalazur<\/strong><\/em>, Thalassoth\u00e9rapie &#8211; H\u00f4tel &amp; Spa<\/span><\/p>\n<p>[\/vc_column_text][\/vc_column][\/vc_row][vc_row full_width=&#8221;stretch_row_content&#8221; gap=&#8221;30&#8243; equal_height=&#8221;yes&#8221; css=&#8221;.vc_custom_1600938106665{margin-right: 30px !important;margin-left: 30px !important;}&#8221;][vc_column width=&#8221;2\/3&#8243; css=&#8221;.vc_custom_1600935004846{padding-top: 20px !important;padding-right: 20px !important;padding-bottom: 20px !important;padding-left: 20px !important;background-color: #dfccab !important;}&#8221;][vc_empty_space height=&#8221;50px&#8221;][vc_column_text css=&#8221;.vc_custom_1600935284969{margin-top: -20px !important;}&#8221;]<\/p>\n<p style=\"font-size: 16px; color: white; text-align: center;\">\u00ab J\u2019ai choisi \u00c9l\u00e9gance Acad\u00e9mies pour faire la formation de spa praticien.<br \/>\nJ\u2019ai suivi une formation de qualit\u00e9, les professeures sont passionn\u00e9es et \u00e0 l\u2019\u00e9coute.<br \/>\nJ\u2019ai pu effectuer mon stage au sein du spa \u00c9l\u00e9gance \u00e0 Ocean Vagabond Dakhla Lagoon au Maroc.<br \/>\nDepuis mon dipl\u00f4me, j\u2019ai eu de multiples exp\u00e9riences : l\u2019h\u00f4tel spa Montaigne de cannes, les Fermes de Marie \u00e0 Meg\u00e8ve, le spa Pure Altitude.<br \/>\nJe recommande El\u00e9gance Acad\u00e9mies car l\u2019\u00e9tablissement est \u00e0 la pointe de la technologie, le spa d\u2019application est magnifique et nous travaillons avec des marques que j\u2019adore. \u00bb<\/p>\n<p>[\/vc_column_text][vc_empty_space height=&#8221;10px&#8221;][vc_column_text css=&#8221;.vc_custom_1600935419777{margin-top: -20px !important;}&#8221;]<\/p>\n<p style=\"font-size: 16px; text-align: right;\"><span style=\"color: white;\"><b>Marine Victoria[\/vc_column_text][\/vc_column][vc_column width=&#8221;1\/3&#8243; css=&#8221;.vc_custom_1600966212248{background-image: url(https:\/\/www.elegance.fr\/wp-content\/uploads\/2020\/09\/formation-spa-praticien.jpg?id=11147) !important;background-position: center !important;background-repeat: no-repeat !important;background-size: cover !important;}&#8221;][vc_empty_space height=&#8221;150px&#8221;][\/vc_column][\/vc_row][vc_row css=&#8221;.vc_custom_1599768726808{margin-top: 70px !important;margin-bottom: -50px !important;}&#8221;][vc_column][vc_column_text]<\/b><\/span><\/p>\n<h3 style=\"text-align: center;\">Retrouvez-nous sur les <strong>r\u00e9seaux sociaux<\/strong> !<\/h3>\n<p>[\/vc_column_text]\r\n\t        <ul class=\"sk_social_icons_list center\">\r\n\r\n\t\t\t\t\r\n\t\t\t\t\t\t\t\t<li class=\"sk_social_icon default_icon\">\r\n\t\t\t\t\t\t\t\t\t<a class=\"sk_social_icon_link\" target=\"_blank\" href=\"https:\/\/www.facebook.com\/elegance.academies\/\" alt=\"\" title=\"\" rel=\"noopener\">\r\n\t\t\t\t\t\t\t\t\t\t<svg\r\n\t\t\t\t\t\t\t\t\t\t\tclass=\"\"\r\n\t\t\t\t\t\t\t\t\t\t\txmlns=\"http:\/\/www.w3.org\/2000\/svg\" x=\"0px\" y=\"0px\"\r\n\t\t\t\t\t\t\t\t\t\t\twidth=\"24\" height=\"24\"\r\n\t\t\t\t\t\t\t\t\t\t\tviewBox=\"0 0 50 50\"\r\n\t\t\t\t\t\t\t\t\t\t\t>\r\n\t\t\t\t\t\t\t\t\t\t\t<path d=\"M32,11h5c0.552,0,1-0.448,1-1V3.263c0-0.524-0.403-0.96-0.925-0.997C35.484,2.153,32.376,2,30.141,2C24,2,20,5.68,20,12.368 V19h-7c-0.552,0-1,0.448-1,1v7c0,0.552,0.448,1,1,1h7v19c0,0.552,0.448,1,1,1h7c0.552,0,1-0.448,1-1V28h7.222 c0.51,0,0.938-0.383,0.994-0.89l0.778-7C38.06,19.518,37.596,19,37,19h-8v-5C29,12.343,30.343,11,32,11z\"><\/path>\r\n\t\t\t\t\t\t\t\t\t\t<\/svg>\r\n\t\t\t\t\t\t\t\t\t<\/a>\r\n\t\t\t\t\t\t\t\t<\/li>\r\n\r\n\t\t\t\t\t\t\t\t\r\n\t\t\t\t\t\t\t\t<li class=\"sk_social_icon default_icon\">\r\n\t\t\t\t\t\t\t\t\t<a class=\"sk_social_icon_link\" target=\"_blank\" href=\"https:\/\/www.instagram.com\/elegance_academies_france\/?hl=fr\" alt=\"\" title=\"\" rel=\"noopener\">\r\n\t\t\t\t\t\t\t\t\t\t<svg\r\n\t\t\t\t\t\t\t\t\t\t\tclass=\"\"\r\n\t\t\t\t\t\t\t\t\t\t\txmlns=\"http:\/\/www.w3.org\/2000\/svg\" x=\"0px\" y=\"0px\"\r\n\t\t\t\t\t\t\t\t\t\t\twidth=\"24\" height=\"24\"\r\n\t\t\t\t\t\t\t\t\t\t\tviewBox=\"0 0 50 50\"\r\n\t\t\t\t\t\t\t\t\t\t\t>\r\n\t\t\t\t\t\t\t\t\t\t\t<path d=\"M 16 3 C 8.83 3 3 8.83 3 16 L 3 34 C 3 41.17 8.83 47 16 47 L 34 47 C 41.17 47 47 41.17 47 34 L 47 16 C 47 8.83 41.17 3 34 3 L 16 3 z M 37 11 C 38.1 11 39 11.9 39 13 C 39 14.1 38.1 15 37 15 C 35.9 15 35 14.1 35 13 C 35 11.9 35.9 11 37 11 z M 25 14 C 31.07 14 36 18.93 36 25 C 36 31.07 31.07 36 25 36 C 18.93 36 14 31.07 14 25 C 14 18.93 18.93 14 25 14 z M 25 16 C 20.04 16 16 20.04 16 25 C 16 29.96 20.04 34 25 34 C 29.96 34 34 29.96 34 25 C 34 20.04 29.96 16 25 16 z\"><\/path>\r\n\t\t\t\t\t\t\t\t\t\t<\/svg>\r\n\t\t\t\t\t\t\t\t\t<\/a>\r\n\t\t\t\t\t\t\t\t<\/li>\r\n\r\n\t\t\t\t\t\t\t\t\r\n\t\t\t\t\t\t\t\t<li class=\"sk_social_icon default_icon\">\r\n\t\t\t\t\t\t\t\t\t<a class=\"sk_social_icon_link\" target=\"_blank\" href=\"https:\/\/www.youtube.com\/channel\/UCEW5y7Snu4UlV4YT-oRIaVA\" alt=\"\" title=\"\" rel=\"noopener\">\r\n\t\t\t\t\t\t\t\t\t\t<svg\r\n\t\t\t\t\t\t\t\t\t\t\tclass=\"\"\r\n\t\t\t\t\t\t\t\t\t\t\txmlns=\"http:\/\/www.w3.org\/2000\/svg\" x=\"0px\" y=\"0px\"\r\n\t\t\t\t\t\t\t\t\t\t\twidth=\"24\" height=\"24\"\r\n\t\t\t\t\t\t\t\t\t\t\tviewBox=\"0 0 50 50\"\r\n\t\t\t\t\t\t\t\t\t\t\t>\r\n\t\t\t\t\t\t\t\t\t\t\t<path d=\"M 44.898438 14.5 C 44.5 12.300781 42.601563 10.699219 40.398438 10.199219 C 37.101563 9.5 31 9 24.398438 9 C 17.800781 9 11.601563 9.5 8.300781 10.199219 C 6.101563 10.699219 4.199219 12.199219 3.800781 14.5 C 3.398438 17 3 20.5 3 25 C 3 29.5 3.398438 33 3.898438 35.5 C 4.300781 37.699219 6.199219 39.300781 8.398438 39.800781 C 11.898438 40.5 17.898438 41 24.5 41 C 31.101563 41 37.101563 40.5 40.601563 39.800781 C 42.800781 39.300781 44.699219 37.800781 45.101563 35.5 C 45.5 33 46 29.398438 46.101563 25 C 45.898438 20.5 45.398438 17 44.898438 14.5 Z M 19 32 L 19 18 L 31.199219 25 Z \"><\/path>\r\n\t\t\t\t\t\t\t\t\t\t<\/svg>\r\n\t\t\t\t\t\t\t\t\t<\/a>\r\n\t\t\t\t\t\t\t\t<\/li>\r\n\r\n\t\t\t\t\t\t\t\t\r\n\t        <\/ul>\r\n\r\n\t\t    [\/vc_column][\/vc_row]<\/p>\n<\/div>","protected":false},"excerpt":{"rendered":"<p>[vc_row disable_element=&#8221;yes&#8221;][vc_column][rev_slider_vc alias=&#8221;formations-esthetiques-etudiant&#8221;][vc_empty_space height=&#8221;40px&#8221;][\/vc_column][\/vc_row][vc_row][vc_column][vc_column_text] En 2005, El\u00e9gance Acad\u00e9mies a cr\u00e9\u00e9 la premi\u00e8re Acad\u00e9mie d\u2019Europe &#8220;SPA&#8221;, ainsi que les premi\u00e8res formations dipl\u00f4mantes spa : &#8220;Spa Praticien&#8221; puis &#8220;Spa Manager&#8221; homologu\u00e9s par l\u2019Etat. Ces formations vous pr\u00e9parent en situation r\u00e9elle au sein d\u2019un Spa d\u2019application de plus de 1500m2 ouvert \u00e0 la client\u00e8le au sein m\u00eame de [&hellip;]<\/p>\n","protected":false},"author":1,"featured_media":0,"parent":0,"menu_order":0,"comment_status":"closed","ping_status":"closed","template":"","meta":{"content-type":"","footnotes":""},"class_list":["post-16110","page","type-page","status-publish","hentry"],"_links":{"self":[{"href":"https:\/\/www.elegance.fr\/ja\/wp-json\/wp\/v2\/pages\/16110","targetHints":{"allow":["GET"]}}],"collection":[{"href":"https:\/\/www.elegance.fr\/ja\/wp-json\/wp\/v2\/pages"}],"about":[{"href":"https:\/\/www.elegance.fr\/ja\/wp-json\/wp\/v2\/types\/page"}],"author":[{"embeddable":true,"href":"https:\/\/www.elegance.fr\/ja\/wp-json\/wp\/v2\/users\/1"}],"replies":[{"embeddable":true,"href":"https:\/\/www.elegance.fr\/ja\/wp-json\/wp\/v2\/comments?post=16110"}],"version-history":[{"count":0,"href":"https:\/\/www.elegance.fr\/ja\/wp-json\/wp\/v2\/pages\/16110\/revisions"}],"wp:attachment":[{"href":"https:\/\/www.elegance.fr\/ja\/wp-json\/wp\/v2\/media?parent=16110"}],"curies":[{"name":"wp","href":"https:\/\/api.w.org\/{rel}","templated":true}]}}