{"id":3575,"date":"2018-07-31T09:58:48","date_gmt":"2018-07-31T07:58:48","guid":{"rendered":"https:\/\/www.elegance.fr\/lecole-gontard-en-1969\/"},"modified":"2019-03-29T16:37:08","modified_gmt":"2019-03-29T15:37:08","slug":"lecole-gontard-en-1969","status":"publish","type":"page","link":"https:\/\/www.elegance.fr\/ja\/groupe\/histoire\/lecole-gontard-en-1969\/","title":{"rendered":"1969\u5e74\u306b\u751f\u307e\u308c\u305f\u30b4\u30f3\u30bf\u30fc\u30eb"},"content":{"rendered":"<div class=\"wpb-content-wrapper\"><p>[vc_row full_width=&#8221;stretch_row&#8221; content_placement=&#8221;middle&#8221; height=&#8221;250&#8243; css=&#8221;.vc_custom_1531727416163{background-color: #ffffff !important;}&#8221;][vc_column][vc_column_text]\u30a8\u30ec\u30ac\u30f3\u30b9\u30a2\u30ab\u30c7\u30df\u30fc\u306f\u3001\u30a8\u30b9\u30c6\u30c6\u30a3\u30c3\u30af\u306e\u6559\u80b2\u5206\u91ce\u3067\u306e\u9577\u5e74\u306e\u6fc3\u539a\u306a\u7d4c\u9a13\u306b\u3088\u308a\u6210\u9577\u3057\u3066\u304d\u307e\u3057\u305f\u30021969\u5e74\u306b\u30cb\u30fc\u30b9\u306b<strong>\u30b4\u30f3\u30bf\u30fc\u30eb\u6821<\/strong>\u3068\u3057\u3066\u8a95\u751f\u3057\u305f\u6642\u304b\u3089\u3001\u30a8\u30ec\u30ac\u30f3\u30b9\u306f<strong>50\u5e74\u306e\u7d4c\u9a13<\/strong>\u3092\u6301\u3063\u3066\u3001<strong>\u30d5\u30e9\u30f3\u30b9\u56fd\u5185<\/strong>\u3001<strong>\u6d77\u5916<\/strong>\u3078\u3068\u5927\u304d\u304f\u6d3b\u52d5\u3092\u62e1\u3052\u3066\u3044\u307e\u3059\u3002[\/vc_column_text][\/vc_column][\/vc_row][vc_row full_width=&#8221;stretch_row&#8221; equal_height=&#8221;yes&#8221; content_placement=&#8221;middle&#8221; height=&#8221;675&#8243;][vc_column width=&#8221;1\/2&#8243; el_class=&#8221;vc_col-sm-push-6 padding-90&#8243;][vc_column_text]<\/p>\n<h2 style=\"text-align: left;\">1969\u5e74\u306b\u30b4\u30f3\u30bf\u30fc\u30eb\u6821\u8a2d\u7acb<\/h2>\n<p>[\/vc_column_text][vc_column_text]\u3063\u305f\u3053\u306e\u5b66\u6821\u306f\u30011969\u5e74\u3001<strong>\u30de\u30eb\u30bb\u30eb\u30fb\u30b4\u30f3\u30bf\u30fc\u30eb\u592b\u4eba<\/strong>\u306b\u3088\u308a\u3001\u30b4\u30f3\u30bf\u30fc\u30eb\u6821\u3068\u3057\u3066\u8a2d\u7acb\u3055\u308c\u307e\u3057\u305f\u3002\u30b4\u30f3\u30bf\u30fc\u30eb\u6821\u9577\u306b\u3088\u308a\u3001<strong>\u8cea\u306e\u9ad8\u3044\u6559\u80b2\u3001\u8c4a\u5bcc\u3067\u5b8c\u6210\u5ea6\u306e\u9ad8\u3044\u6388\u696d<\/strong>\u3092\u884c\u3063\u3066\u304d\u307e\u3057\u305f\u3002<strong>\u00a0<\/strong><\/p>\n<p>\u3061\u3087\u3046\u3069\u305d\u306e\u9803\u3001\u30a8\u30b9\u30c6\u30c6\u30a3\u30c3\u30af\u304c\u4e16\u754c\u3067\u3082\u77e5\u3089\u308c\u308b\u3088\u3046\u306b\u306a\u308a\u3001\u30b4\u30f3\u30bf\u30fc\u30eb\u592b\u4eba\u306f\u3001\u65e9\u3005\u306b<strong>\u30d5\u30e9\u30f3\u30b9\u5185\u5916\u3067\u3001\u305d\u306e\u4e2d\u5fc3\u306b\u4f4d\u7f6e\u3059\u308b\u5b58\u5728<\/strong>\u3068\u306a\u308a\u307e\u3057\u305f\u3002<\/p>\n<p>\u305d\u308c\u4ee5\u6765\u3001\u30b4\u30f3\u30bf\u30fc\u30eb\u6821\u306f\u30a8\u30b9\u30c6\u30c6\u30a3\u30c3\u30af\u306e\u6559\u80b2\u5206\u91ce\u3067\u306e\u9577\u5e74\u306e\u6fc3\u539a\u306a\u7d4c\u9a13\u306b\u3088\u308a\u3001<strong>\u672c\u7269\u306e\u6559\u80b2\u6a5f\u95a2<\/strong>\u3068\u3057\u3066\u3001<strong>\u512a\u308c\u305f\u5b66\u6821<\/strong>\u3068\u3057\u3066\u306e\u5730\u4f4d\u3092\u78ba\u7acb\u3057\u3066\u304d\u307e\u3057\u305f\u3002<\/p>\n<p>[\/vc_column_text][\/vc_column][vc_column width=&#8221;1\/2&#8243; el_class=&#8221;vc_col-sm-pull-6&#8243; css=&#8221;.vc_custom_1531833657316{padding-right: 0px !important;padding-left: 0px !important;}&#8221;][vc_single_image image=&#8221;3414&#8243; img_size=&#8221;full&#8221;][\/vc_column][\/vc_row][vc_row full_width=&#8221;stretch_row&#8221; equal_height=&#8221;yes&#8221; content_placement=&#8221;middle&#8221; height=&#8221;675&#8243; css=&#8221;.vc_custom_1531755186991{background-color: #f8f8f8 !important;}&#8221;][vc_column width=&#8221;1\/2&#8243; el_class=&#8221;padding-90 bloc-align-right&#8221;][vc_column_text]<\/p>\n<h2>\u305d\u3057\u3066\u30a8\u30ec\u30ac\u30f3\u30b9\u30b4\u30f3\u30bf\u30fc\u30eb\u306b<\/h2>\n<p>[\/vc_column_text][vc_column_text]<\/p>\n<p style=\"text-align: left;\">\u30b4\u30f3\u30bf\u30fc\u30eb\u6821\u306f\u3001<strong>2000\u5e749\u6708\u306b<\/strong>\u306b\u30b9\u30c6\u30d5\u30a1\u30cb\u30fc\u30fb\u30af\u30cd\u30c3\u30b7\u30e5\u30c8\u6821\u9577\u306b\u5f15\u304d\u7d99\u304c\u308c\u307e\u3057\u305f\u3002\u305d\u3057\u3066\u3001\u30a8\u30ec\u30ac\u30f3\u30b9\u30b4\u30f3\u30bf\u30fc\u30eb\u6821\u306f2005\u5e74\u306b\u3001\u30e8\u30fc\u30ed\u30c3\u30d1\u3067\u521d\u3081\u3066\u306e<strong>\u30b9\u30d1\u30a2\u30ab\u30c7\u30df\u30fc<\/strong>\u3092\u30cb\u30fc\u30b9\u3067\u59cb\u3081\u3001<strong>\u30b9\u30d1\u30d7\u30e9\u30c6\u30a3\u30b7\u30e3\u30f3\u30b3\u30fc\u30b9<\/strong>\u3068<strong>\u30b9\u30d1\u30de\u30cd\u30fc\u30b8\u30e3\u30fc\u30b3\u30fc\u30b9<\/strong>\u3092\u5275\u8a2d\u3057\u307e\u3057\u305f\u3002<\/p>\n<p style=\"text-align: left;\">\u305d\u306e\u5f8c\u30012009\u5e74\u306b\u306f<strong>\u30b9\u30d1\u30d7\u30e9\u30c6\u30a3\u30b7\u30e3\u30f3<\/strong>\u3068\u3044\u3046\u8cc7\u683c\u304c<strong>\u52b4\u50cd\u7701\u306b\u8a8d\u53ef<\/strong>\u3055\u308c\u3001\u3053\u306e\u8cc7\u683c\u306f\u6cd5\u5f8b\u7684\u306b\u3082<strong>100%\u8a8d\u3081\u3089\u308c\u305f\u52b4\u50cd\u8a31\u53ef<\/strong>\u3092\u5f97\u305f\u8cc7\u683c\u3068\u306a\u308a\u307e\u3057\u305f\u3002<\/p>\n<p>[\/vc_column_text][\/vc_column][vc_column width=&#8221;1\/2&#8243; css=&#8221;.vc_custom_1531833547602{padding-right: 0px !important;padding-left: 0px !important;}&#8221;][vc_single_image image=&#8221;4091&#8243; img_size=&#8221;full&#8221;][\/vc_column][\/vc_row][vc_row full_width=&#8221;stretch_row&#8221; content_placement=&#8221;middle&#8221; height=&#8221;250&#8243; css=&#8221;.vc_custom_1531727416163{background-color: #ffffff !important;}&#8221;][vc_column][vc_column_text]<\/p>\n<p style=\"text-align: justify;\">\u30a8\u30ec\u30ac\u30f3\u30b9\u30b4\u30f3\u30bf\u30fc\u30eb\u3000\u30d7\u30e9\u30a4\u30d9\u30fc\u30c8\u30b9\u30af\u30fc\u30eb\u3067\u306f\u3001\u30b9\u30d1\u3084\u30a8\u30b9\u30c6\u30c6\u30a3\u30c3\u30af\uff08\u30a8\u30b9\u30c6\u30c6\u30a3\u30b7\u30e3\u30f3\u3001\u30d7\u30ed\u30e1\u30a4\u30af\u3001\u30b9\u30d1\u30de\u30cd\u30fc\u30b8\u30e3\u30fc\u3001\u30b9\u30d1\u30d7\u30e9\u30c6\u30a3\u30b7\u30e3\u30f3\u3001\u30a8\u30b9\u30c6\u30b5\u30ed\u30f3\u30de\u30cd\u30fc\u30b8\u30e3\u30fc\u3001\u30d7\u30ed\u5411\u3051\u2026\uff09\u306a\u3069\u306e\u5168\u3066\u306e\u30ec\u30d9\u30eb\u3067\u3001<strong>10,000\u4eba\u4ee5\u4e0a\u306e\u751f\u5f92\u9054<\/strong>\u3092\u80b2\u3066\u3066\u304d\u307e\u3057\u305f\u3002<\/p>\n<p style=\"text-align: justify;\">\u30a8\u30b9\u30c6\u30c6\u30a3\u30c3\u30af\u56fd\u5bb6\u8cc7\u683c\u306e\u5408\u683c\u7387\u3067\u3082\u3001<strong>\u5e38\u306b\u9ad8\u3044\u5408\u683c\u7387<\/strong>\u3092\u30ad\u30fc\u30d7\u3057\u3066\u3044\u307e\u3059<\/p>\n<p>[\/vc_column_text][\/vc_column][\/vc_row][vc_row][vc_column][\/vc_column][\/vc_row][vc_row][vc_column][vc_empty_space height=&#8221;25&#8243;][\/vc_column][\/vc_row][vc_row full_width=&#8221;stretch_row&#8221; css=&#8221;.vc_custom_1535031048014{padding-top: 15px !important;padding-bottom: 15px !important;background-color: #dfccab !important;}&#8221;][vc_column][vc_column_text css=&#8221;.vc_custom_1535030955202{padding-top: 30px !important;padding-bottom: 30px !important;}&#8221;]<\/p>\n<h3 style=\"text-align: center;\"><span style=\"color: #ffffff;\">&#8220;Plus de <strong>10 000 \u00e9tudiants dipl\u00f4m\u00e9s<\/strong> dans les m\u00e9tiers de l&#8217;Esth\u00e9tique et du Spa.&#8221;<\/span><\/h3>\n<p>[\/vc_column_text][\/vc_column][\/vc_row]<\/p>\n<\/div>","protected":false},"excerpt":{"rendered":"<p>[vc_row full_width=&#8221;stretch_row&#8221; content_placement=&#8221;middle&#8221; height=&#8221;250&#8243; css=&#8221;.vc_custom_1531727416163{background-color: #ffffff !important;}&#8221;][vc_column][vc_column_text]\u30a8\u30ec\u30ac\u30f3\u30b9\u30a2\u30ab\u30c7\u30df\u30fc\u306f\u3001\u30a8\u30b9\u30c6\u30c6\u30a3\u30c3\u30af\u306e\u6559\u80b2\u5206\u91ce\u3067\u306e\u9577\u5e74\u306e\u6fc3\u539a\u306a\u7d4c\u9a13\u306b\u3088\u308a\u6210\u9577\u3057\u3066\u304d\u307e\u3057\u305f\u30021969\u5e74\u306b\u30cb\u30fc\u30b9\u306b\u30b4\u30f3\u30bf\u30fc\u30eb\u6821\u3068\u3057\u3066\u8a95\u751f\u3057\u305f\u6642\u304b\u3089\u3001\u30a8\u30ec\u30ac\u30f3\u30b9\u306f50\u5e74\u306e\u7d4c\u9a13\u3092\u6301\u3063\u3066\u3001\u30d5\u30e9\u30f3\u30b9\u56fd\u5185\u3001\u6d77\u5916\u3078\u3068\u5927\u304d\u304f\u6d3b\u52d5\u3092\u62e1\u3052\u3066\u3044\u307e\u3059\u3002[\/vc_column_text][\/vc_column][\/vc_row][vc_row full_width=&#8221;stretch_row&#8221; equal_height=&#8221;yes&#8221; content_placement=&#8221;middle&#8221; height=&#8221;675&#8243;][vc_column width=&#8221;1\/2&#8243; el_class=&#8221;vc_col-sm-push-6 padding-90&#8243;][vc_column_text] 1969\u5e74\u306b\u30b4\u30f3\u30bf\u30fc\u30eb\u6821\u8a2d\u7acb [\/vc_column_text][vc_column_text]\u3063\u305f\u3053\u306e\u5b66\u6821\u306f\u30011969\u5e74\u3001\u30de\u30eb\u30bb\u30eb\u30fb\u30b4\u30f3\u30bf\u30fc\u30eb\u592b\u4eba\u306b\u3088\u308a\u3001\u30b4\u30f3\u30bf\u30fc\u30eb\u6821\u3068\u3057\u3066\u8a2d\u7acb\u3055\u308c\u307e\u3057\u305f\u3002\u30b4\u30f3\u30bf\u30fc\u30eb\u6821\u9577\u306b\u3088\u308a\u3001\u8cea\u306e\u9ad8\u3044\u6559\u80b2\u3001\u8c4a\u5bcc\u3067\u5b8c\u6210\u5ea6\u306e\u9ad8\u3044\u6388\u696d\u3092\u884c\u3063\u3066\u304d\u307e\u3057\u305f\u3002\u00a0 \u3061\u3087\u3046\u3069\u305d\u306e\u9803\u3001\u30a8\u30b9\u30c6\u30c6\u30a3\u30c3\u30af\u304c\u4e16\u754c\u3067\u3082\u77e5\u3089\u308c\u308b\u3088\u3046\u306b\u306a\u308a\u3001\u30b4\u30f3\u30bf\u30fc\u30eb\u592b\u4eba\u306f\u3001\u65e9\u3005\u306b\u30d5\u30e9\u30f3\u30b9\u5185\u5916\u3067\u3001\u305d\u306e\u4e2d\u5fc3\u306b\u4f4d\u7f6e\u3059\u308b\u5b58\u5728\u3068\u306a\u308a\u307e\u3057\u305f\u3002 \u305d\u308c\u4ee5\u6765\u3001\u30b4\u30f3\u30bf\u30fc\u30eb\u6821\u306f\u30a8\u30b9\u30c6\u30c6\u30a3\u30c3\u30af\u306e\u6559\u80b2\u5206\u91ce\u3067\u306e\u9577\u5e74\u306e\u6fc3\u539a\u306a\u7d4c\u9a13\u306b\u3088\u308a\u3001\u672c\u7269\u306e\u6559\u80b2\u6a5f\u95a2\u3068\u3057\u3066\u3001\u512a\u308c\u305f\u5b66\u6821\u3068\u3057\u3066\u306e\u5730\u4f4d\u3092\u78ba\u7acb\u3057\u3066\u304d\u307e\u3057\u305f\u3002 [\/vc_column_text][\/vc_column][vc_column width=&#8221;1\/2&#8243; el_class=&#8221;vc_col-sm-pull-6&#8243; css=&#8221;.vc_custom_1531833657316{padding-right: 0px !important;padding-left: 0px !important;}&#8221;][vc_single_image image=&#8221;3414&#8243; img_size=&#8221;full&#8221;][\/vc_column][\/vc_row][vc_row full_width=&#8221;stretch_row&#8221; equal_height=&#8221;yes&#8221; content_placement=&#8221;middle&#8221; height=&#8221;675&#8243; css=&#8221;.vc_custom_1531755186991{background-color: #f8f8f8 !important;}&#8221;][vc_column width=&#8221;1\/2&#8243; el_class=&#8221;padding-90 bloc-align-right&#8221;][vc_column_text] \u305d\u3057\u3066\u30a8\u30ec\u30ac\u30f3\u30b9\u30b4\u30f3\u30bf\u30fc\u30eb\u306b [\/vc_column_text][vc_column_text] \u30b4\u30f3\u30bf\u30fc\u30eb\u6821\u306f\u30012000\u5e749\u6708\u306b\u306b\u30b9\u30c6\u30d5\u30a1\u30cb\u30fc\u30fb\u30af\u30cd\u30c3\u30b7\u30e5\u30c8\u6821\u9577\u306b\u5f15\u304d\u7d99\u304c\u308c\u307e\u3057\u305f\u3002\u305d\u3057\u3066\u3001\u30a8\u30ec\u30ac\u30f3\u30b9\u30b4\u30f3\u30bf\u30fc\u30eb\u6821\u306f2005\u5e74\u306b\u3001\u30e8\u30fc\u30ed\u30c3\u30d1\u3067\u521d\u3081\u3066\u306e\u30b9\u30d1\u30a2\u30ab\u30c7\u30df\u30fc\u3092\u30cb\u30fc\u30b9\u3067\u59cb\u3081\u3001\u30b9\u30d1\u30d7\u30e9\u30c6\u30a3\u30b7\u30e3\u30f3\u30b3\u30fc\u30b9\u3068\u30b9\u30d1\u30de\u30cd\u30fc\u30b8\u30e3\u30fc\u30b3\u30fc\u30b9\u3092\u5275\u8a2d\u3057\u307e\u3057\u305f\u3002 \u305d\u306e\u5f8c\u30012009\u5e74\u306b\u306f\u30b9\u30d1\u30d7\u30e9\u30c6\u30a3\u30b7\u30e3\u30f3\u3068\u3044\u3046\u8cc7\u683c\u304c\u52b4\u50cd\u7701\u306b\u8a8d\u53ef\u3055\u308c\u3001\u3053\u306e\u8cc7\u683c\u306f\u6cd5\u5f8b\u7684\u306b\u3082100%\u8a8d\u3081\u3089\u308c\u305f\u52b4\u50cd\u8a31\u53ef\u3092\u5f97\u305f\u8cc7\u683c\u3068\u306a\u308a\u307e\u3057\u305f\u3002 [\/vc_column_text][\/vc_column][vc_column width=&#8221;1\/2&#8243; css=&#8221;.vc_custom_1531833547602{padding-right: 0px !important;padding-left: 0px !important;}&#8221;][vc_single_image image=&#8221;4091&#8243; img_size=&#8221;full&#8221;][\/vc_column][\/vc_row][vc_row full_width=&#8221;stretch_row&#8221; content_placement=&#8221;middle&#8221; height=&#8221;250&#8243; css=&#8221;.vc_custom_1531727416163{background-color: [&hellip;]<\/p>\n","protected":false},"author":1,"featured_media":0,"parent":3574,"menu_order":0,"comment_status":"closed","ping_status":"closed","template":"","meta":{"content-type":"","footnotes":""},"class_list":["post-3575","page","type-page","status-publish","hentry"],"_links":{"self":[{"href":"https:\/\/www.elegance.fr\/ja\/wp-json\/wp\/v2\/pages\/3575","targetHints":{"allow":["GET"]}}],"collection":[{"href":"https:\/\/www.elegance.fr\/ja\/wp-json\/wp\/v2\/pages"}],"about":[{"href":"https:\/\/www.elegance.fr\/ja\/wp-json\/wp\/v2\/types\/page"}],"author":[{"embeddable":true,"href":"https:\/\/www.elegance.fr\/ja\/wp-json\/wp\/v2\/users\/1"}],"replies":[{"embeddable":true,"href":"https:\/\/www.elegance.fr\/ja\/wp-json\/wp\/v2\/comments?post=3575"}],"version-history":[{"count":0,"href":"https:\/\/www.elegance.fr\/ja\/wp-json\/wp\/v2\/pages\/3575\/revisions"}],"up":[{"embeddable":true,"href":"https:\/\/www.elegance.fr\/ja\/wp-json\/wp\/v2\/pages\/3574"}],"wp:attachment":[{"href":"https:\/\/www.elegance.fr\/ja\/wp-json\/wp\/v2\/media?parent=3575"}],"curies":[{"name":"wp","href":"https:\/\/api.w.org\/{rel}","templated":true}]}}