{"id":3576,"date":"2018-08-20T15:52:01","date_gmt":"2018-08-20T13:52:01","guid":{"rendered":"https:\/\/www.elegance.fr\/groupe\/histoire\/le-renouveau-elegance\/"},"modified":"2019-04-15T16:38:56","modified_gmt":"2019-04-15T14:38:56","slug":"le-renouveau-elegance","status":"publish","type":"page","link":"https:\/\/www.elegance.fr\/ja\/groupe\/histoire\/le-renouveau-elegance\/","title":{"rendered":"\u65b0\u30a8\u30ec\u30ac\u30f3\u30b9"},"content":{"rendered":"<div class=\"wpb-content-wrapper\"><p>[vc_row full_width=&#8221;stretch_row&#8221; equal_height=&#8221;yes&#8221; content_placement=&#8221;middle&#8221; height=&#8221;675&#8243; css=&#8221;.vc_custom_1535116702711{background-color: #ffffff !important;}&#8221;][vc_column width=&#8221;1\/2&#8243; el_class=&#8221;padding-90 bloc-align-right&#8221;][vc_single_image image=&#8221;95&#8243; img_size=&#8221;full&#8221;][\/vc_column][vc_column width=&#8221;1\/2&#8243; css=&#8221;.vc_custom_1531833547602{padding-right: 0px !important;padding-left: 0px !important;}&#8221;][vc_column_text]<\/p>\n<h2>2018\u5e74\u304b\u3089\u306e\u30a8\u30ec\u30ac\u30f3\u30b9\u30d5\u30e9\u30f3\u30b9<\/h2>\n<p>[\/vc_column_text][vc_column_text]\u30a8\u30b9\u30c6\u30fb\u30b9\u30d1\u3067\u884c\u3063\u3066\u304d\u305f\u6559\u80b2\u3067\u5f97\u305f50\u5e74\u9593\u306e\u83ab\u5927\u306a\u7d4c\u9a13\u3084\u3001\u30db\u30c6\u30eb\u3084\u30a6\u30a7\u30eb\u30cd\u30b9\u306a\u3069\u306e\u5927\u304d\u306a\u65bd\u8a2d\u3067\u306e\u7d4c\u9a13\u3001\u6559\u8a13\u306a\u3069\u304b\u3089\u3001\u30a8\u30ec\u30ac\u30f3\u30b9\u306f\u30b0\u30ed\u30fc\u30d0\u30eb\u306a\u3054\u63d0\u6848\u3092\u63d0\u793a\u51fa\u6765\u308b\u3088\u3046\u306b\u3001\u56fd\u969b\u7684\u30ec\u30d9\u30eb\u3067\u3001\u30ea\u30af\u30a8\u30b9\u30c8\u306e\u591a\u69d8\u5316\u306e\u305f\u3081\u306b\u9032\u5316\u3057\u3066\u3044\u304d\u305f\u3044\u3068\u601d\u3063\u3066\u3044\u307e\u3059\u3002<\/p>\n<p><span style=\"text-decoration: underline;\">\u30a8\u30ec\u30ac\u30f3\u30b9\u30d5\u30e9\u30f3\u30b9\u304b\u3089\u306e\u3054\u63d0\u6848 : <\/span><\/p>\n<ul>\n<li><strong>\u30a2\u30ab\u30c7\u30df\u30fc\uff1a<\/strong>\u751f\u5f92\u5411\u3051\u3001\u30d7\u30ed\u30d5\u30a7\u30c3\u30b7\u30e7\u30ca\u30eb\u5411\u3051\u3001\u5916\u56fd\u4eba\u30b0\u30eb\u30fc\u30d7\u30fb\u500b\u4eba\u5411\u3051<\/li>\n<li><b>\u30b0\u30ed\u30fc\u30d0\u30eb\u30b3\u30f3\u30bb\u30d7\u30c8\uff1a<\/b>\u30b9\u30d1\u3084\u30a6\u30a7\u30eb\u30cd\u30b9\u5206\u91ce<\/li>\n<li><b>\u30de\u30cd\u30b8\u30e1\u30f3\u30c8<\/b>\uff1a\u30de\u30cd\u30b8\u30e1\u30f3\u30c8\u3084\u73fe\u5834\u30c1\u30fc\u30e0\u306e\u5f15\u304d\u53d7\u3051\u306a\u3069<\/li>\n<\/ul>\n<p>[\/vc_column_text][\/vc_column][\/vc_row][vc_row][vc_column width=&#8221;1\/3&#8243; css=&#8221;.vc_custom_1531838632143{padding-top: 40px !important;padding-bottom: 40px !important;}&#8221;][vc_single_image image=&#8221;634&#8243; img_size=&#8221;full&#8221; alignment=&#8221;center&#8221;][vc_column_text]<\/p>\n<h3 style=\"text-align: center;\">\u30a2\u30ab\u30c7\u30df\u30fc<\/h3>\n<p>[\/vc_column_text][vc_column_text]<\/p>\n<p style=\"text-align: left;\">\u30d7\u30e9\u30a4\u30d9\u30fc\u30c8\u30b9\u30af\u30fc\u30eb\u3068\u3057\u3066\u3001<strong>\u30b9\u30d1<\/strong>\u3001<strong>\u30a8\u30b9\u30c6\u30c6\u30a3\u30c3\u30af<\/strong>\u3001<strong>\u30d7\u30ed\u5411\u3051\u30bb\u30df\u30ca\u30fc<\/strong>\u3001<strong>\u65e5\u672c\u4eba\u5411\u3051\u30bb\u30df\u30ca\u30fc<\/strong>\u306a\u3069\u3001\u3044\u308d\u3044\u308d\u306a\u5b66\u79d1\u3092\u3054\u63d0\u4f9b\u3057\u3066\u3044\u307e\u3059<\/p>\n<p style=\"text-align: left;\">\u30a8\u30ec\u30ac\u30f3\u30b9\u30a2\u30ab\u30c7\u30df\u30fc\u3067\u306f\u3001\u672a\u6765\u306e\u30d7\u30ed\u30d5\u30a7\u30c3\u30b7\u30e7\u30ca\u30eb\u3084\u660e\u65e5\u306e\u624d\u80fd\u3042\u308b\u4eba\u6750\u3092\u80b2\u3066\u3066\u3044\u307e\u3059<\/p>\n<p>[\/vc_column_text][\/vc_column][vc_column width=&#8221;1\/3&#8243; css=&#8221;.vc_custom_1531838639470{padding-top: 40px !important;padding-bottom: 40px !important;}&#8221;][vc_single_image image=&#8221;637&#8243; img_size=&#8221;full&#8221; alignment=&#8221;center&#8221;][vc_column_text]<\/p>\n<h3 style=\"text-align: center;\">\u30b3\u30f3\u30bb\u30d7\u30c8<\/h3>\n<p>[\/vc_column_text][vc_column_text]<\/p>\n<p style=\"text-align: left;\">\u79c1\u305f\u3061\u306e\u30c1\u30fc\u30e0\u306f\u3001\u3042\u306a\u305f\u306e\u30b9\u30d1\u306e<strong>\u69cb\u60f3<\/strong>\u3001<strong>\u6539\u88c5<\/strong>\u3001<strong>\u30b9\u30d1\u8a2d\u5099<\/strong>\u306b\u3064\u3044\u3066\u307e\u3067\u3001\uff21\u304b\u3089\uff3a\u307e\u3067\u4e00\u7dd2\u306b\u8003\u3048\u3066\u3044\u304d\u307e\u3059<\/p>\n<p style=\"text-align: left;\"><strong>\u8a2d\u7acb<\/strong>\u3001<strong>\u5e97\u8217\u306e\u62e1\u5f35<\/strong>\u3001<strong>\u6539\u88c5<\/strong>\u306a\u3069\u30a8\u30ec\u30ac\u30f3\u30b9\u30d5\u30e9\u30f3\u30b9\u306b\u304a\u4efb\u305b\u304f\u3060\u3055\u3044 !<\/p>\n<p>[\/vc_column_text][\/vc_column][vc_column width=&#8221;1\/3&#8243; css=&#8221;.vc_custom_1531838645806{padding-top: 40px !important;padding-bottom: 40px !important;}&#8221;][vc_single_image image=&#8221;640&#8243; img_size=&#8221;full&#8221; alignment=&#8221;center&#8221;][vc_column_text]<\/p>\n<h3 style=\"text-align: center;\">\u30de\u30cd\u30b8\u30e1\u30f3\u30c8<\/h3>\n<p>[\/vc_column_text][vc_column_text]<\/p>\n<p style=\"text-align: left;\">\u30a8\u30ec\u30ac\u30f3\u30b9\u30de\u30cd\u30b8\u30e1\u30f3\u30c8\u306f\u3001\u3042\u306a\u305f\u306e\u30b9\u30d1\u30b5\u30ed\u30f3\u306e\u65e5\u3005\u306e\u904b\u55b6\u3092\u4e00\u7dd2\u306b\u30b5\u30dd\u30fc\u30c8\u3057\u3066\u3044\u304d\u307e\u3059<\/p>\n<p style=\"text-align: left;\">\u30b5\u30ed\u30f3\u306e<strong>\u958b\u696d<\/strong>\u3084<strong>\u65e5\u3005\u306e\u904b\u55b6<\/strong>\u306e\u30b5\u30dd\u30fc\u30c8\u3001\u5316\u7ca7\u54c1\u30e1\u30fc\u30ab\u30fc\u306e<strong>\u7814\u4fee<\/strong>\u3001\u4eba\u6750\u4eba\u4e8b\u3001<strong>\u30de\u30fc\u30b1\u30c6\u30a3\u30f3\u30b0<\/strong>\u3001<strong>\u4eba\u6750\u6d3e\u9063<\/strong>\u306e\u30a2\u30b7\u30b9\u30c8\u3001<strong>\u6559\u80b2<\/strong>\u3001\u904b\u55b6\u9762\u3067\u306e\u30af\u30aa\u30ea\u30c6\u30a3\u306e\u6539\u826f\u3001\u6700\u9069\u5316\u3092\u304a\u624b\u4f1d\u3044\u3057\u307e\u3059\u3002<\/p>\n<p>[\/vc_column_text][\/vc_column][\/vc_row][vc_row full_width=&#8221;stretch_row&#8221; css=&#8221;.vc_custom_1531814953928{background-color: #dfccab !important;}&#8221;][vc_column][vc_column_text]<\/p>\n<h2 style=\"text-align: center;\"><span style=\"color: #ffffff;\">&#8220;Elegance France propose une <strong>offre globale<\/strong> de la formation de vos \u00e9quipes jusqu&#8217;\u00e0 la gestion de votre spa&#8221;<\/span><\/h2>\n<p>[\/vc_column_text][\/vc_column][\/vc_row][vc_row][vc_column][vc_empty_space][\/vc_column][\/vc_row][vc_row full_width=&#8221;stretch_row&#8221; equal_height=&#8221;yes&#8221; content_placement=&#8221;middle&#8221; height=&#8221;675&#8243;][vc_column width=&#8221;1\/2&#8243; el_class=&#8221;vc_col-sm-push-6 padding-90&#8243;][vc_column_text]<\/p>\n<h2 style=\"text-align: left;\">Une nouvelle identit\u00e9 visuelle<\/h2>\n<p>[\/vc_column_text][vc_column_text]<\/p>\n<p style=\"text-align: left;\">L&#8217;\u00e9volution de la strat\u00e9gie d&#8217;Elegance et le changement de nom implique une <strong>nouvelle identit\u00e9 visuelle<\/strong>. <strong>Logos, supports de communication&#8230;<\/strong>\u00a0tout est repens\u00e9 autour d&#8217;Elegance France et de ses trois p\u00f4les d&#8217;activit\u00e9s.<\/p>\n<p>Nous avons voulu proposer une <strong>nouvelle image \u00e9pur\u00e9e et claire<\/strong>, adapt\u00e9e aux concepts visuels d&#8217;aujourd&#8217;hui et de demain, englobant nos trois univers, la formation, le concept et le management. Le choix s&#8217;est d&#8217;abord port\u00e9 sur la d\u00e9finition d&#8217;une nouvelle charte graphique et d&#8217;un logo totalement refondu.[\/vc_column_text][\/vc_column][vc_column width=&#8221;1\/2&#8243; el_class=&#8221;vc_col-sm-pull-6&#8243; css=&#8221;.vc_custom_1531833657316{padding-right: 0px !important;padding-left: 0px !important;}&#8221;][vc_single_image image=&#8221;96&#8243; img_size=&#8221;full&#8221;][\/vc_column][\/vc_row][vc_row full_width=&#8221;stretch_row&#8221; content_placement=&#8221;middle&#8221; height=&#8221;250&#8243; css=&#8221;.vc_custom_1531727416163{background-color: #ffffff !important;}&#8221;][vc_column][vc_column_text]<\/p>\n<h3>La nouvelle charte graphique<\/h3>\n<p>[\/vc_column_text][vc_separator color=&#8221;custom&#8221; align=&#8221;align_left&#8221; el_width=&#8221;10&#8243; accent_color=&#8221;#dfccab&#8221;][vc_column_text]<\/p>\n<p style=\"text-align: justify;\">La nouvelle charte graphique propose des <strong>couleurs claires et douces tourn\u00e9es vers une certaine \u00e9puration esth\u00e9tique<\/strong>. Le blanc, le dor\u00e9 et l&#8217;anthracite : ces couleurs orientent la marque vers les codes du luxe, toujours orient\u00e9 vers le bien-\u00eatre.<\/p>\n<p style=\"text-align: justify;\">En effet, le <strong>dor\u00e9<\/strong> apporte de l&#8217;<strong>\u00e9clat<\/strong> et de la <strong>chaleur<\/strong>, tout en conservant sa symbolique de <strong>puissance<\/strong>.<\/p>\n<p style=\"text-align: justify;\">Le <strong>blanc<\/strong>, quant \u00e0 lui, refl\u00e8te la<strong> puret\u00e9 <\/strong>et la<strong> sagesse<\/strong>, que l&#8217;on retrouve dans les codes du Spa, du bien-\u00eatre et de la relaxation.<\/p>\n<p style=\"text-align: justify;\">Enfin, l&#8217;<strong>anthracite<\/strong> repr\u00e9sente l\u2019<strong>\u00e9l\u00e9gance<\/strong>, le <strong>raffinement<\/strong>, le<strong> luxe<\/strong>, et le <strong>haut de gamme<\/strong>.<\/p>\n<p>[\/vc_column_text][vc_empty_space][\/vc_column][\/vc_row][vc_row full_width=&#8221;stretch_row&#8221; equal_height=&#8221;yes&#8221; content_placement=&#8221;middle&#8221; height=&#8221;675&#8243; css=&#8221;.vc_custom_1531755186991{background-color: #f8f8f8 !important;}&#8221;][vc_column width=&#8221;1\/2&#8243; el_class=&#8221;padding-90 bloc-align-right&#8221;][vc_column_text]<\/p>\n<h3 style=\"text-align: left;\">Le nouveau logo<\/h3>\n<p>[\/vc_column_text][vc_column_text]Elegance France n&#8217;avait jamais profond\u00e9ment chang\u00e9 de logo durant les 15 derni\u00e8res ann\u00e9es. Il \u00e9tait donc temps de s&#8217;adapter aux nouvelles tendances du march\u00e9, en terme graphique et esth\u00e9tique mais aussi au niveau de la symbolique d\u00e9gag\u00e9e par le logo.\u00a0 La strat\u00e9gie a \u00e9t\u00e9 donc de partir sur un logo en deux temps : une <strong>ic\u00f4ne<\/strong> repr\u00e9sentant les m\u00e9tiers et activit\u00e9s d&#8217;Elegance France puis <strong>un nom et une baseline<\/strong> identifiable.<\/p>\n<p>D&#8217;abord, le pictogramme choisi est l&#8217;association de 2 \u00e9l\u00e9ments appartenant \u00e0 l&#8217;univers Spa et Esth\u00e9tique li\u00e9 \u00e0 la Nature et \u00e0 la Beaut\u00e9 : la<strong> feuille<\/strong> et la <strong>goutte d&#8217;eau<\/strong>.<\/p>\n<p><strong>La feuille<\/strong>, \u00e9l\u00e9ment indissociable de l&#8217;arbre, pour la <strong>long\u00e9vit\u00e9 et l&#8217;\u00e9ternelle r\u00e9g\u00e9n\u00e9rescence \u00e0 la vie<\/strong>. L&#8217;arbre, c&#8217;est aussi le symbole du <strong>savoir<\/strong>, essentiel dans l&#8217;enseignement et l&#8217;apprentissage au sein de notre \u00e9cole, mais c&#8217;est \u00e9galement un \u00eatre vivant compos\u00e9 de branches et de ramification avec pour base un tronc. Ce tronc serait le symbole de l&#8217;\u00e9cole qui forme, l&#8217;activit\u00e9 principale de notre groupe depuis 1969. puis en ramification, nos deux autres p\u00f4les d&#8217;activit\u00e9s, le concept et le management, d\u00e9coulant de notre exp\u00e9rience en enseignement et en formation. <strong>La feuille devient donc naturellement le fruit et la terminaison sans fin de la combinaison de toutes nos activit\u00e9s.\u00a0<\/strong><\/p>\n<p>La <strong>goutte d&#8217;eau<\/strong>, comme symbole du <strong>bien-\u00eatre, de la vie et de la relaxation.<\/strong> De l&#8217;eau va na\u00eetre la vie physique et spirituelle.<\/p>\n<p>C&#8217;est pourquoi, nous avons souhait\u00e9 combiner la forme de la goutte d&#8217;eau avec le c\u0153ur de la feuille pour une parfaite<strong> coh\u00e9rence<\/strong> dans notre discours commercial et p\u00e9dagogique.[\/vc_column_text][\/vc_column][vc_column width=&#8221;1\/2&#8243; css=&#8221;.vc_custom_1531833547602{padding-right: 0px !important;padding-left: 0px !important;}&#8221;][vc_single_image image=&#8221;3452&#8243; img_size=&#8221;full&#8221;][\/vc_column][\/vc_row]<\/p>\n<\/div>","protected":false},"excerpt":{"rendered":"<p>[vc_row full_width=&#8221;stretch_row&#8221; equal_height=&#8221;yes&#8221; content_placement=&#8221;middle&#8221; height=&#8221;675&#8243; css=&#8221;.vc_custom_1535116702711{background-color: #ffffff !important;}&#8221;][vc_column width=&#8221;1\/2&#8243; el_class=&#8221;padding-90 bloc-align-right&#8221;][vc_single_image image=&#8221;95&#8243; img_size=&#8221;full&#8221;][\/vc_column][vc_column width=&#8221;1\/2&#8243; css=&#8221;.vc_custom_1531833547602{padding-right: 0px !important;padding-left: 0px !important;}&#8221;][vc_column_text] 2018\u5e74\u304b\u3089\u306e\u30a8\u30ec\u30ac\u30f3\u30b9\u30d5\u30e9\u30f3\u30b9 [\/vc_column_text][vc_column_text]\u30a8\u30b9\u30c6\u30fb\u30b9\u30d1\u3067\u884c\u3063\u3066\u304d\u305f\u6559\u80b2\u3067\u5f97\u305f50\u5e74\u9593\u306e\u83ab\u5927\u306a\u7d4c\u9a13\u3084\u3001\u30db\u30c6\u30eb\u3084\u30a6\u30a7\u30eb\u30cd\u30b9\u306a\u3069\u306e\u5927\u304d\u306a\u65bd\u8a2d\u3067\u306e\u7d4c\u9a13\u3001\u6559\u8a13\u306a\u3069\u304b\u3089\u3001\u30a8\u30ec\u30ac\u30f3\u30b9\u306f\u30b0\u30ed\u30fc\u30d0\u30eb\u306a\u3054\u63d0\u6848\u3092\u63d0\u793a\u51fa\u6765\u308b\u3088\u3046\u306b\u3001\u56fd\u969b\u7684\u30ec\u30d9\u30eb\u3067\u3001\u30ea\u30af\u30a8\u30b9\u30c8\u306e\u591a\u69d8\u5316\u306e\u305f\u3081\u306b\u9032\u5316\u3057\u3066\u3044\u304d\u305f\u3044\u3068\u601d\u3063\u3066\u3044\u307e\u3059\u3002 \u30a8\u30ec\u30ac\u30f3\u30b9\u30d5\u30e9\u30f3\u30b9\u304b\u3089\u306e\u3054\u63d0\u6848 : \u30a2\u30ab\u30c7\u30df\u30fc\uff1a\u751f\u5f92\u5411\u3051\u3001\u30d7\u30ed\u30d5\u30a7\u30c3\u30b7\u30e7\u30ca\u30eb\u5411\u3051\u3001\u5916\u56fd\u4eba\u30b0\u30eb\u30fc\u30d7\u30fb\u500b\u4eba\u5411\u3051 \u30b0\u30ed\u30fc\u30d0\u30eb\u30b3\u30f3\u30bb\u30d7\u30c8\uff1a\u30b9\u30d1\u3084\u30a6\u30a7\u30eb\u30cd\u30b9\u5206\u91ce \u30de\u30cd\u30b8\u30e1\u30f3\u30c8\uff1a\u30de\u30cd\u30b8\u30e1\u30f3\u30c8\u3084\u73fe\u5834\u30c1\u30fc\u30e0\u306e\u5f15\u304d\u53d7\u3051\u306a\u3069 [\/vc_column_text][\/vc_column][\/vc_row][vc_row][vc_column width=&#8221;1\/3&#8243; css=&#8221;.vc_custom_1531838632143{padding-top: 40px !important;padding-bottom: 40px !important;}&#8221;][vc_single_image image=&#8221;634&#8243; img_size=&#8221;full&#8221; alignment=&#8221;center&#8221;][vc_column_text] \u30a2\u30ab\u30c7\u30df\u30fc [\/vc_column_text][vc_column_text] \u30d7\u30e9\u30a4\u30d9\u30fc\u30c8\u30b9\u30af\u30fc\u30eb\u3068\u3057\u3066\u3001\u30b9\u30d1\u3001\u30a8\u30b9\u30c6\u30c6\u30a3\u30c3\u30af\u3001\u30d7\u30ed\u5411\u3051\u30bb\u30df\u30ca\u30fc\u3001\u65e5\u672c\u4eba\u5411\u3051\u30bb\u30df\u30ca\u30fc\u306a\u3069\u3001\u3044\u308d\u3044\u308d\u306a\u5b66\u79d1\u3092\u3054\u63d0\u4f9b\u3057\u3066\u3044\u307e\u3059 \u30a8\u30ec\u30ac\u30f3\u30b9\u30a2\u30ab\u30c7\u30df\u30fc\u3067\u306f\u3001\u672a\u6765\u306e\u30d7\u30ed\u30d5\u30a7\u30c3\u30b7\u30e7\u30ca\u30eb\u3084\u660e\u65e5\u306e\u624d\u80fd\u3042\u308b\u4eba\u6750\u3092\u80b2\u3066\u3066\u3044\u307e\u3059 [\/vc_column_text][\/vc_column][vc_column width=&#8221;1\/3&#8243; css=&#8221;.vc_custom_1531838639470{padding-top: 40px !important;padding-bottom: 40px !important;}&#8221;][vc_single_image image=&#8221;637&#8243; img_size=&#8221;full&#8221; alignment=&#8221;center&#8221;][vc_column_text] \u30b3\u30f3\u30bb\u30d7\u30c8 [\/vc_column_text][vc_column_text] \u79c1\u305f\u3061\u306e\u30c1\u30fc\u30e0\u306f\u3001\u3042\u306a\u305f\u306e\u30b9\u30d1\u306e\u69cb\u60f3\u3001\u6539\u88c5\u3001\u30b9\u30d1\u8a2d\u5099\u306b\u3064\u3044\u3066\u307e\u3067\u3001\uff21\u304b\u3089\uff3a\u307e\u3067\u4e00\u7dd2\u306b\u8003\u3048\u3066\u3044\u304d\u307e\u3059 \u8a2d\u7acb\u3001\u5e97\u8217\u306e\u62e1\u5f35\u3001\u6539\u88c5\u306a\u3069\u30a8\u30ec\u30ac\u30f3\u30b9\u30d5\u30e9\u30f3\u30b9\u306b\u304a\u4efb\u305b\u304f\u3060\u3055\u3044 ! [&hellip;]<\/p>\n","protected":false},"author":1,"featured_media":0,"parent":3574,"menu_order":0,"comment_status":"closed","ping_status":"closed","template":"","meta":{"content-type":"","footnotes":""},"class_list":["post-3576","page","type-page","status-publish","hentry"],"_links":{"self":[{"href":"https:\/\/www.elegance.fr\/ja\/wp-json\/wp\/v2\/pages\/3576","targetHints":{"allow":["GET"]}}],"collection":[{"href":"https:\/\/www.elegance.fr\/ja\/wp-json\/wp\/v2\/pages"}],"about":[{"href":"https:\/\/www.elegance.fr\/ja\/wp-json\/wp\/v2\/types\/page"}],"author":[{"embeddable":true,"href":"https:\/\/www.elegance.fr\/ja\/wp-json\/wp\/v2\/users\/1"}],"replies":[{"embeddable":true,"href":"https:\/\/www.elegance.fr\/ja\/wp-json\/wp\/v2\/comments?post=3576"}],"version-history":[{"count":0,"href":"https:\/\/www.elegance.fr\/ja\/wp-json\/wp\/v2\/pages\/3576\/revisions"}],"up":[{"embeddable":true,"href":"https:\/\/www.elegance.fr\/ja\/wp-json\/wp\/v2\/pages\/3574"}],"wp:attachment":[{"href":"https:\/\/www.elegance.fr\/ja\/wp-json\/wp\/v2\/media?parent=3576"}],"curies":[{"name":"wp","href":"https:\/\/api.w.org\/{rel}","templated":true}]}}