{"id":27418,"date":"2023-01-24T16:19:48","date_gmt":"2023-01-24T15:19:48","guid":{"rendered":"https:\/\/www.elegance.fr\/?post_type=product&#038;p=27418"},"modified":"2023-01-31T11:48:31","modified_gmt":"2023-01-31T10:48:31","slug":"2%e4%ba%ba%e3%81%a7%e5%8f%97%e8%ac%9b2%e6%97%a5%e9%96%93%ef%bc%88%e9%80%9a%e8%a8%b3%e8%be%bc%ef%bc%89","status":"publish","type":"product","link":"https:\/\/www.elegance.fr\/ja\/produit\/2%e4%ba%ba%e3%81%a7%e5%8f%97%e8%ac%9b2%e6%97%a5%e9%96%93%ef%bc%88%e9%80%9a%e8%a8%b3%e8%be%bc%ef%bc%89\/","title":{"rendered":"2\u4eba\u3067\u53d7\u8b1b2\u65e5\u9593\uff08\u901a\u8a33\u8fbc\uff09"},"content":{"rendered":"","protected":false},"excerpt":{"rendered":"","protected":false},"featured_media":13992,"template":"","meta":{"content-type":""},"product_brand":[],"product_cat":[35],"product_tag":[],"class_list":{"0":"post-27418","1":"product","2":"type-product","3":"status-publish","4":"has-post-thumbnail","6":"product_cat-soins","8":"first","9":"instock","10":"virtual","11":"purchasable","12":"product-type-simple"},"exclude_global_add_ons":false,"addons":[{"name":"R\u00e8glement online \/ PAYMENT","type":"heading","position":0,"required":false,"title_format":"label","default":"","description_enable":true,"description":"Vous recevrez par email votre r\u00e9capitulatif d'achat. Si vous pr\u00e9sentez 2 cat\u00e9gories, merci d'indiquer 2 en quantit\u00e9 \/ You will receveive by email your bill. If you want to register 2 categories, please indicate 2 in quantity.","placeholder_enable":false,"placeholder":"","display":"select","restrictions_type":"any_text","adjust_price":false,"price":"","price_type":"flat_fee","restrictions":false,"min":"0","max":"0","options":[],"id":1673256482},{"name":"Achat Online d'une prestation \u00e0 l'institut et spa","type":"heading","position":0,"required":false,"title_format":"label","default":"","description_enable":true,"description":"Vous recevrez 2 emails : L'email r\u00e9capitulatif, puis les bons cadeaux associ\u00e9s. Les bons cadeaux ne sont pas nominatifs.\r\n","placeholder_enable":false,"placeholder":"","display":"select","restrictions_type":"any_text","adjust_price":false,"price":"","price_type":"flat_fee","restrictions":false,"min":"0","max":"0","options":[],"id":1673256402}],"_links":{"self":[{"href":"https:\/\/www.elegance.fr\/ja\/wp-json\/wp\/v2\/product\/27418","targetHints":{"allow":["GET"]}}],"collection":[{"href":"https:\/\/www.elegance.fr\/ja\/wp-json\/wp\/v2\/product"}],"about":[{"href":"https:\/\/www.elegance.fr\/ja\/wp-json\/wp\/v2\/types\/product"}],"wp:featuredmedia":[{"embeddable":true,"href":"https:\/\/www.elegance.fr\/ja\/wp-json\/wp\/v2\/media\/13992"}],"wp:attachment":[{"href":"https:\/\/www.elegance.fr\/ja\/wp-json\/wp\/v2\/media?parent=27418"}],"wp:term":[{"taxonomy":"product_brand","embeddable":true,"href":"https:\/\/www.elegance.fr\/ja\/wp-json\/wp\/v2\/product_brand?post=27418"},{"taxonomy":"product_cat","embeddable":true,"href":"https:\/\/www.elegance.fr\/ja\/wp-json\/wp\/v2\/product_cat?post=27418"},{"taxonomy":"product_tag","embeddable":true,"href":"https:\/\/www.elegance.fr\/ja\/wp-json\/wp\/v2\/product_tag?post=27418"}],"curies":[{"name":"wp","href":"https:\/\/api.w.org\/{rel}","templated":true}]}}