{"id":31727,"date":"2023-04-28T10:56:25","date_gmt":"2023-04-28T08:56:25","guid":{"rendered":"https:\/\/www.elegance.fr\/?post_type=product&#038;p=31727"},"modified":"2025-01-06T14:54:01","modified_gmt":"2025-01-06T13:54:01","slug":"%e3%82%aa%e3%83%b3%e3%83%a9%e3%82%a4%e3%83%b3%e3%83%97%e3%83%a9%e3%82%a4%e3%83%99%e3%83%bc%e3%83%88%e3%82%bb%e3%83%9f%e3%83%8a%e3%83%bc-3%e6%99%82%e9%96%93-2","status":"publish","type":"product","link":"https:\/\/www.elegance.fr\/ja\/produit\/%e3%82%aa%e3%83%b3%e3%83%a9%e3%82%a4%e3%83%b3%e3%83%97%e3%83%a9%e3%82%a4%e3%83%99%e3%83%bc%e3%83%88%e3%82%bb%e3%83%9f%e3%83%8a%e3%83%bc-3%e6%99%82%e9%96%93-2\/","title":{"rendered":"\u30aa\u30f3\u30e9\u30a4\u30f3\u30d7\u30e9\u30a4\u30d9\u30fc\u30c8\u30bb\u30df\u30ca\u30fc 3\u6642\u9593"},"content":{"rendered":"","protected":false},"excerpt":{"rendered":"","protected":false},"featured_media":31723,"template":"","meta":{"content-type":""},"product_brand":[],"product_cat":[35],"product_tag":[],"class_list":{"0":"post-31727","1":"product","2":"type-product","3":"status-publish","4":"has-post-thumbnail","6":"product_cat-soins","8":"first","9":"instock","10":"virtual","11":"purchasable","12":"product-type-simple"},"exclude_global_add_ons":false,"addons":[{"name":"R\u00e8glement online \/ PAYMENT","type":"heading","position":0,"required":false,"title_format":"label","default":"","description_enable":true,"description":"Vous recevrez par email votre r\u00e9capitulatif d'achat. Si vous pr\u00e9sentez 2 cat\u00e9gories, merci d'indiquer 2 en quantit\u00e9 \/ You will receveive by email your bill. If you want to register 2 categories, please indicate 2 in quantity.","placeholder_enable":false,"placeholder":"","display":"select","restrictions_type":"any_text","adjust_price":false,"price":"","price_type":"flat_fee","restrictions":false,"min":"0","max":"0","options":[],"id":1673256482},{"name":"Achat Online d'une prestation \u00e0 l'institut et spa","type":"heading","position":0,"required":false,"title_format":"label","default":"","description_enable":true,"description":"Vous recevrez 2 emails : L'email r\u00e9capitulatif, puis les bons cadeaux associ\u00e9s. Les bons cadeaux ne sont pas nominatifs.\r\n","placeholder_enable":false,"placeholder":"","display":"select","restrictions_type":"any_text","adjust_price":false,"price":"","price_type":"flat_fee","restrictions":false,"min":"0","max":"0","options":[],"id":1673256402}],"_links":{"self":[{"href":"https:\/\/www.elegance.fr\/ja\/wp-json\/wp\/v2\/product\/31727","targetHints":{"allow":["GET"]}}],"collection":[{"href":"https:\/\/www.elegance.fr\/ja\/wp-json\/wp\/v2\/product"}],"about":[{"href":"https:\/\/www.elegance.fr\/ja\/wp-json\/wp\/v2\/types\/product"}],"wp:featuredmedia":[{"embeddable":true,"href":"https:\/\/www.elegance.fr\/ja\/wp-json\/wp\/v2\/media\/31723"}],"wp:attachment":[{"href":"https:\/\/www.elegance.fr\/ja\/wp-json\/wp\/v2\/media?parent=31727"}],"wp:term":[{"taxonomy":"product_brand","embeddable":true,"href":"https:\/\/www.elegance.fr\/ja\/wp-json\/wp\/v2\/product_brand?post=31727"},{"taxonomy":"product_cat","embeddable":true,"href":"https:\/\/www.elegance.fr\/ja\/wp-json\/wp\/v2\/product_cat?post=31727"},{"taxonomy":"product_tag","embeddable":true,"href":"https:\/\/www.elegance.fr\/ja\/wp-json\/wp\/v2\/product_tag?post=31727"}],"curies":[{"name":"wp","href":"https:\/\/api.w.org\/{rel}","templated":true}]}}