{"id":45891,"date":"2024-10-15T11:23:51","date_gmt":"2024-10-15T09:23:51","guid":{"rendered":"https:\/\/www.elegance.fr\/?post_type=product&#038;p=45891"},"modified":"2024-10-15T11:23:51","modified_gmt":"2024-10-15T09:23:51","slug":"%e3%83%99%e3%82%b9%e3%83%88%e3%83%95%e3%82%a7%e3%82%a4%e3%82%b7%e3%83%a3%e3%83%ab%e3%83%86%e3%83%a9%e3%83%94%e3%82%b9%e3%83%88%e3%83%95%e3%83%a9%e3%83%b3%e3%82%b9%e5%a4%a7%e4%bc%9a%e6%94%af%e6%89%95","status":"publish","type":"product","link":"https:\/\/www.elegance.fr\/ja\/produit\/%e3%83%99%e3%82%b9%e3%83%88%e3%83%95%e3%82%a7%e3%82%a4%e3%82%b7%e3%83%a3%e3%83%ab%e3%83%86%e3%83%a9%e3%83%94%e3%82%b9%e3%83%88%e3%83%95%e3%83%a9%e3%83%b3%e3%82%b9%e5%a4%a7%e4%bc%9a%e6%94%af%e6%89%95\/","title":{"rendered":"\u30d9\u30b9\u30c8\u30d5\u30a7\u30a4\u30b7\u30e3\u30eb\u30c6\u30e9\u30d4\u30b9\u30c8\u30d5\u30e9\u30f3\u30b9\u5927\u4f1a\u652f\u6255\u3044\u306e\u307f"},"content":{"rendered":"","protected":false},"excerpt":{"rendered":"","protected":false},"featured_media":45864,"template":"","meta":{"content-type":""},"product_brand":[],"product_cat":[35],"product_tag":[],"class_list":{"0":"post-45891","1":"product","2":"type-product","3":"status-publish","4":"has-post-thumbnail","6":"product_cat-soins","8":"first","9":"instock","10":"virtual","11":"purchasable","12":"product-type-simple"},"exclude_global_add_ons":false,"addons":[{"name":"R\u00e8glement online \/ PAYMENT","type":"heading","position":0,"required":false,"title_format":"label","default":"","description_enable":true,"description":"Vous recevrez par email votre r\u00e9capitulatif d'achat. Si vous pr\u00e9sentez 2 cat\u00e9gories, merci d'indiquer 2 en quantit\u00e9 \/ You will receveive by email your bill. If you want to register 2 categories, please indicate 2 in quantity.","placeholder_enable":false,"placeholder":"","display":"select","restrictions_type":"any_text","adjust_price":false,"price":"","price_type":"flat_fee","restrictions":false,"min":"0","max":"0","options":[],"id":1673256482},{"name":"Achat Online d'une prestation \u00e0 l'institut et spa","type":"heading","position":0,"required":false,"title_format":"label","default":"","description_enable":true,"description":"Vous recevrez 2 emails : L'email r\u00e9capitulatif, puis les bons cadeaux associ\u00e9s. Les bons cadeaux ne sont pas nominatifs.\r\n","placeholder_enable":false,"placeholder":"","display":"select","restrictions_type":"any_text","adjust_price":false,"price":"","price_type":"flat_fee","restrictions":false,"min":"0","max":"0","options":[],"id":1673256402}],"_links":{"self":[{"href":"https:\/\/www.elegance.fr\/ja\/wp-json\/wp\/v2\/product\/45891","targetHints":{"allow":["GET"]}}],"collection":[{"href":"https:\/\/www.elegance.fr\/ja\/wp-json\/wp\/v2\/product"}],"about":[{"href":"https:\/\/www.elegance.fr\/ja\/wp-json\/wp\/v2\/types\/product"}],"wp:featuredmedia":[{"embeddable":true,"href":"https:\/\/www.elegance.fr\/ja\/wp-json\/wp\/v2\/media\/45864"}],"wp:attachment":[{"href":"https:\/\/www.elegance.fr\/ja\/wp-json\/wp\/v2\/media?parent=45891"}],"wp:term":[{"taxonomy":"product_brand","embeddable":true,"href":"https:\/\/www.elegance.fr\/ja\/wp-json\/wp\/v2\/product_brand?post=45891"},{"taxonomy":"product_cat","embeddable":true,"href":"https:\/\/www.elegance.fr\/ja\/wp-json\/wp\/v2\/product_cat?post=45891"},{"taxonomy":"product_tag","embeddable":true,"href":"https:\/\/www.elegance.fr\/ja\/wp-json\/wp\/v2\/product_tag?post=45891"}],"curies":[{"name":"wp","href":"https:\/\/api.w.org\/{rel}","templated":true}]}}