{"id":48137,"date":"2025-01-10T12:24:43","date_gmt":"2025-01-10T11:24:43","guid":{"rendered":"https:\/\/www.elegance.fr\/?post_type=product&#038;p=48137"},"modified":"2025-01-10T12:42:43","modified_gmt":"2025-01-10T11:42:43","slug":"%e6%9d%b1%e4%ba%ac%e9%96%8b%e5%82%ac%e3%82%bb%e3%83%9f%e3%83%8a%e3%83%bc-%e5%88%9d%e5%9b%9e%e5%8f%82%e5%8a%a0%e8%80%85","status":"publish","type":"product","link":"https:\/\/www.elegance.fr\/ja\/produit\/%e6%9d%b1%e4%ba%ac%e9%96%8b%e5%82%ac%e3%82%bb%e3%83%9f%e3%83%8a%e3%83%bc-%e5%88%9d%e5%9b%9e%e5%8f%82%e5%8a%a0%e8%80%85\/","title":{"rendered":"\u6771\u4eac\u958b\u50ac\u30bb\u30df\u30ca\u30fc \u521d\u56de\u53c2\u52a0\u8005"},"content":{"rendered":"","protected":false},"excerpt":{"rendered":"","protected":false},"featured_media":48141,"template":"","meta":{"content-type":""},"product_brand":[],"product_cat":[35],"product_tag":[],"class_list":{"0":"post-48137","1":"product","2":"type-product","3":"status-publish","4":"has-post-thumbnail","6":"product_cat-soins","8":"first","9":"instock","10":"virtual","11":"purchasable","12":"product-type-simple"},"exclude_global_add_ons":false,"addons":[{"name":"R\u00e8glement online \/ PAYMENT","type":"heading","position":0,"required":false,"title_format":"label","default":"","description_enable":true,"description":"Vous recevrez par email votre r\u00e9capitulatif d'achat. Si vous pr\u00e9sentez 2 cat\u00e9gories, merci d'indiquer 2 en quantit\u00e9 \/ You will receveive by email your bill. If you want to register 2 categories, please indicate 2 in quantity.","placeholder_enable":false,"placeholder":"","display":"select","restrictions_type":"any_text","adjust_price":false,"price":"","price_type":"flat_fee","restrictions":false,"min":"0","max":"0","options":[],"id":1673256482},{"name":"Achat Online d'une prestation \u00e0 l'institut et spa","type":"heading","position":0,"required":false,"title_format":"label","default":"","description_enable":true,"description":"Vous recevrez 2 emails : L'email r\u00e9capitulatif, puis les bons cadeaux associ\u00e9s. Les bons cadeaux ne sont pas nominatifs.\r\n","placeholder_enable":false,"placeholder":"","display":"select","restrictions_type":"any_text","adjust_price":false,"price":"","price_type":"flat_fee","restrictions":false,"min":"0","max":"0","options":[],"id":1673256402}],"_links":{"self":[{"href":"https:\/\/www.elegance.fr\/ja\/wp-json\/wp\/v2\/product\/48137","targetHints":{"allow":["GET"]}}],"collection":[{"href":"https:\/\/www.elegance.fr\/ja\/wp-json\/wp\/v2\/product"}],"about":[{"href":"https:\/\/www.elegance.fr\/ja\/wp-json\/wp\/v2\/types\/product"}],"wp:featuredmedia":[{"embeddable":true,"href":"https:\/\/www.elegance.fr\/ja\/wp-json\/wp\/v2\/media\/48141"}],"wp:attachment":[{"href":"https:\/\/www.elegance.fr\/ja\/wp-json\/wp\/v2\/media?parent=48137"}],"wp:term":[{"taxonomy":"product_brand","embeddable":true,"href":"https:\/\/www.elegance.fr\/ja\/wp-json\/wp\/v2\/product_brand?post=48137"},{"taxonomy":"product_cat","embeddable":true,"href":"https:\/\/www.elegance.fr\/ja\/wp-json\/wp\/v2\/product_cat?post=48137"},{"taxonomy":"product_tag","embeddable":true,"href":"https:\/\/www.elegance.fr\/ja\/wp-json\/wp\/v2\/product_tag?post=48137"}],"curies":[{"name":"wp","href":"https:\/\/api.w.org\/{rel}","templated":true}]}}