{"id":6188,"date":"2019-06-21T14:37:23","date_gmt":"2019-06-21T12:37:23","guid":{"rendered":"https:\/\/www.elegance.fr\/?post_type=product&#038;p=6188"},"modified":"2026-02-25T10:50:03","modified_gmt":"2026-02-25T09:50:03","slug":"%e9%80%9a%e8%a8%b3%e8%b2%bb-1%e6%97%a56%e6%99%82%e9%96%93","status":"publish","type":"product","link":"https:\/\/www.elegance.fr\/ja\/produit\/%e9%80%9a%e8%a8%b3%e8%b2%bb-1%e6%97%a56%e6%99%82%e9%96%93\/","title":{"rendered":"\u901a\u8a33\u8cbb 1\u65e56\u6642\u9593"},"content":{"rendered":"","protected":false},"excerpt":{"rendered":"","protected":false},"featured_media":5562,"template":"","meta":{"content-type":""},"product_brand":[],"product_cat":[141],"product_tag":[],"class_list":{"0":"post-6188","1":"product","2":"type-product","3":"status-publish","4":"has-post-thumbnail","6":"product_cat-formation-cils-ja","8":"first","9":"instock","10":"virtual","11":"purchasable","12":"product-type-simple"},"exclude_global_add_ons":false,"addons":[{"name":"R\u00e8glement online \/ PAYMENT","type":"heading","position":0,"required":false,"title_format":"label","default":"","description_enable":true,"description":"Vous recevrez par email votre r\u00e9capitulatif d'achat. Si vous pr\u00e9sentez 2 cat\u00e9gories, merci d'indiquer 2 en quantit\u00e9 \/ You will receveive by email your bill. If you want to register 2 categories, please indicate 2 in quantity.","placeholder_enable":false,"placeholder":"","display":"select","restrictions_type":"any_text","adjust_price":false,"price":"","price_type":"flat_fee","restrictions":false,"min":"0","max":"0","options":[],"id":1673256482}],"_links":{"self":[{"href":"https:\/\/www.elegance.fr\/ja\/wp-json\/wp\/v2\/product\/6188","targetHints":{"allow":["GET"]}}],"collection":[{"href":"https:\/\/www.elegance.fr\/ja\/wp-json\/wp\/v2\/product"}],"about":[{"href":"https:\/\/www.elegance.fr\/ja\/wp-json\/wp\/v2\/types\/product"}],"wp:featuredmedia":[{"embeddable":true,"href":"https:\/\/www.elegance.fr\/ja\/wp-json\/wp\/v2\/media\/5562"}],"wp:attachment":[{"href":"https:\/\/www.elegance.fr\/ja\/wp-json\/wp\/v2\/media?parent=6188"}],"wp:term":[{"taxonomy":"product_brand","embeddable":true,"href":"https:\/\/www.elegance.fr\/ja\/wp-json\/wp\/v2\/product_brand?post=6188"},{"taxonomy":"product_cat","embeddable":true,"href":"https:\/\/www.elegance.fr\/ja\/wp-json\/wp\/v2\/product_cat?post=6188"},{"taxonomy":"product_tag","embeddable":true,"href":"https:\/\/www.elegance.fr\/ja\/wp-json\/wp\/v2\/product_tag?post=6188"}],"curies":[{"name":"wp","href":"https:\/\/api.w.org\/{rel}","templated":true}]}}