{"id":8080,"date":"2020-01-10T12:45:06","date_gmt":"2020-01-10T11:45:06","guid":{"rendered":"https:\/\/www.elegance.fr\/?post_type=product&#038;p=8080"},"modified":"2022-05-31T15:53:09","modified_gmt":"2022-05-31T13:53:09","slug":"%e3%83%97%e3%83%a9%e3%82%a4%e3%83%99%e3%83%bc%e3%83%88-%e3%82%aa%e3%83%b3%e3%83%a9%e3%82%a4%e3%83%b3%e3%82%bb%e3%83%9f%e3%83%8a%e3%83%bc-1%e6%99%82%e9%96%93","status":"publish","type":"product","link":"https:\/\/www.elegance.fr\/ja\/produit\/%e3%83%97%e3%83%a9%e3%82%a4%e3%83%99%e3%83%bc%e3%83%88-%e3%82%aa%e3%83%b3%e3%83%a9%e3%82%a4%e3%83%b3%e3%82%bb%e3%83%9f%e3%83%8a%e3%83%bc-1%e6%99%82%e9%96%93\/","title":{"rendered":"\u30d7\u30e9\u30a4\u30d9\u30fc\u30c8 \u30aa\u30f3\u30e9\u30a4\u30f3\u30bb\u30df\u30ca\u30fc 1\u6642\u9593"},"content":{"rendered":"","protected":false},"excerpt":{"rendered":"","protected":false},"featured_media":12375,"template":"","meta":{"content-type":""},"product_brand":[],"product_cat":[108,141],"product_tag":[],"class_list":{"0":"post-8080","1":"product","2":"type-product","3":"status-publish","4":"has-post-thumbnail","6":"product_cat-a-la-carte-ja","7":"product_cat-formation-cils-ja","9":"first","10":"instock","11":"virtual","12":"purchasable","13":"product-type-simple"},"exclude_global_add_ons":false,"addons":[{"name":"R\u00e8glement online \/ PAYMENT","type":"heading","position":0,"required":false,"title_format":"label","default":"","description_enable":true,"description":"Vous recevrez par email votre r\u00e9capitulatif d'achat. Si vous pr\u00e9sentez 2 cat\u00e9gories, merci d'indiquer 2 en quantit\u00e9 \/ You will receveive by email your bill. If you want to register 2 categories, please indicate 2 in quantity.","placeholder_enable":false,"placeholder":"","display":"select","restrictions_type":"any_text","adjust_price":false,"price":"","price_type":"flat_fee","restrictions":false,"min":"0","max":"0","options":[],"id":1673256482}],"_links":{"self":[{"href":"https:\/\/www.elegance.fr\/ja\/wp-json\/wp\/v2\/product\/8080","targetHints":{"allow":["GET"]}}],"collection":[{"href":"https:\/\/www.elegance.fr\/ja\/wp-json\/wp\/v2\/product"}],"about":[{"href":"https:\/\/www.elegance.fr\/ja\/wp-json\/wp\/v2\/types\/product"}],"wp:featuredmedia":[{"embeddable":true,"href":"https:\/\/www.elegance.fr\/ja\/wp-json\/wp\/v2\/media\/12375"}],"wp:attachment":[{"href":"https:\/\/www.elegance.fr\/ja\/wp-json\/wp\/v2\/media?parent=8080"}],"wp:term":[{"taxonomy":"product_brand","embeddable":true,"href":"https:\/\/www.elegance.fr\/ja\/wp-json\/wp\/v2\/product_brand?post=8080"},{"taxonomy":"product_cat","embeddable":true,"href":"https:\/\/www.elegance.fr\/ja\/wp-json\/wp\/v2\/product_cat?post=8080"},{"taxonomy":"product_tag","embeddable":true,"href":"https:\/\/www.elegance.fr\/ja\/wp-json\/wp\/v2\/product_tag?post=8080"}],"curies":[{"name":"wp","href":"https:\/\/api.w.org\/{rel}","templated":true}]}}